{"id":3801,"date":"2020-07-09T13:01:08","date_gmt":"2020-07-09T13:01:08","guid":{"rendered":"https:\/\/meerhofdk.ee\/?page_id=3801"},"modified":"2021-05-07T11:21:05","modified_gmt":"2021-05-07T11:21:05","slug":"meelespea-juureravi-saanud-patsientidele","status":"publish","type":"page","link":"https:\/\/meerhofdk.ee\/et\/meelespea-juureravi-saanud-patsientidele\/","title":{"rendered":"Meelespea juureravi saanud patsientidele"},"content":{"rendered":"<div data-elementor-type=\"wp-page\" data-elementor-id=\"3801\" class=\"elementor elementor-3801\" data-elementor-settings=\"{&quot;ha_cmc_init_switcher&quot;:&quot;no&quot;}\" data-elementor-post-type=\"page\">\n\t\t\t\t\t\t<section class=\"elementor-section elementor-top-section elementor-element elementor-element-a72c170 elementor-section-boxed elementor-section-height-default elementor-section-height-default\" data-id=\"a72c170\" data-element_type=\"section\" data-e-type=\"section\" data-settings=\"{&quot;_ha_eqh_enable&quot;:false}\">\n\t\t\t\t\t\t<div class=\"elementor-container elementor-column-gap-default\">\n\t\t\t\t\t<div class=\"elementor-column elementor-col-50 elementor-top-column elementor-element elementor-element-6105d24\" data-id=\"6105d24\" data-element_type=\"column\" data-e-type=\"column\">\n\t\t\t<div class=\"elementor-widget-wrap elementor-element-populated\">\n\t\t\t\t\t\t<div class=\"elementor-element elementor-element-eb8b945 elementor-widget elementor-widget-image\" data-id=\"eb8b945\" data-element_type=\"widget\" data-e-type=\"widget\" data-widget_type=\"image.default\">\n\t\t\t\t<div class=\"elementor-widget-container\">\n\t\t\t\t\t\t\t\t\t\t\t\t\t\t\t<img decoding=\"async\" width=\"150\" height=\"150\" src=\"https:\/\/meerhofdk.ee\/wp-content\/uploads\/2019\/04\/meerhof_dental_logotype_icon_gray-150x150.png\" class=\"attachment-thumbnail size-thumbnail wp-image-82\" alt=\"Meerhof Dental Center logo\" srcset=\"https:\/\/meerhofdk.ee\/wp-content\/uploads\/2019\/04\/meerhof_dental_logotype_icon_gray-150x150.png 150w, https:\/\/meerhofdk.ee\/wp-content\/uploads\/2019\/04\/meerhof_dental_logotype_icon_gray-300x300.png 300w, https:\/\/meerhofdk.ee\/wp-content\/uploads\/2019\/04\/meerhof_dental_logotype_icon_gray-768x768.png 768w, https:\/\/meerhofdk.ee\/wp-content\/uploads\/2019\/04\/meerhof_dental_logotype_icon_gray.png 1000w\" sizes=\"(max-width: 150px) 100vw, 150px\" title=\"\">\t\t\t\t\t\t\t\t\t\t\t\t\t\t\t<\/div>\n\t\t\t\t<\/div>\n\t\t\t\t\t<\/div>\n\t\t<\/div>\n\t\t\t\t<div class=\"elementor-column elementor-col-50 elementor-top-column elementor-element elementor-element-1e8f512\" data-id=\"1e8f512\" data-element_type=\"column\" data-e-type=\"column\">\n\t\t\t<div class=\"elementor-widget-wrap elementor-element-populated\">\n\t\t\t\t\t\t<div class=\"elementor-element elementor-element-e0ab082 elementor-nav-menu__align-end elementor-nav-menu--dropdown-none elementor-widget elementor-widget-nav-menu\" data-id=\"e0ab082\" data-element_type=\"widget\" data-e-type=\"widget\" data-settings=\"{&quot;layout&quot;:&quot;horizontal&quot;,&quot;submenu_icon&quot;:{&quot;value&quot;:&quot;&lt;svg aria-hidden=\\&quot;true\\&quot; class=\\&quot;e-font-icon-svg e-fas-caret-down\\&quot; viewBox=\\&quot;0 0 320 512\\&quot; xmlns=\\&quot;http:\\\/\\\/www.w3.org\\\/2000\\\/svg\\&quot;&gt;&lt;path d=\\&quot;M31.3 192h257.3c17.8 0 26.7 21.5 14.1 34.1L174.1 354.8c-7.8 7.8-20.5 7.8-28.3 0L17.2 226.1C4.6 213.5 13.5 192 31.3 192z\\&quot;&gt;&lt;\\\/path&gt;&lt;\\\/svg&gt;&quot;,&quot;library&quot;:&quot;fa-solid&quot;}}\" data-widget_type=\"nav-menu.default\">\n\t\t\t\t<div class=\"elementor-widget-container\">\n\t\t\t\t\t\t\t\t<nav aria-label=\"Menu\" class=\"elementor-nav-menu--main elementor-nav-menu__container elementor-nav-menu--layout-horizontal e--pointer-underline e--animation-fade\">\n\t\t\t\t<ul id=\"menu-1-e0ab082\" class=\"elementor-nav-menu\"><li class=\"trp-language-switcher-container menu-item menu-item-type-post_type menu-item-object-language_switcher menu-item-has-children current-language-menu-item menu-item-1663\"><a href=\"https:\/\/meerhofdk.ee\/et\/wp-json\/wp\/v2\/pages\/3801\" class=\"elementor-item elementor-item-anchor\"><span data-no-translation><img decoding=\"async\" class=\"trp-flag-image\" src=\"https:\/\/meerhofdk.ee\/wp-content\/plugins\/translatepress-multilingual\/assets\/images\/flags\/et.png\" width=\"18\" height=\"12\" alt=\"et\" title=\"Eesti\"><span class=\"trp-ls-language-name\">ET<\/span><\/span><\/a>\n<ul class=\"sub-menu elementor-nav-menu--dropdown\">\n\t<li class=\"trp-language-switcher-container menu-item menu-item-type-post_type menu-item-object-language_switcher current-language-menu-item menu-item-1665\"><a href=\"https:\/\/meerhofdk.ee\/et\/wp-json\/wp\/v2\/pages\/3801\" class=\"elementor-sub-item elementor-item-anchor\"><span data-no-translation><img decoding=\"async\" class=\"trp-flag-image\" src=\"https:\/\/meerhofdk.ee\/wp-content\/plugins\/translatepress-multilingual\/assets\/images\/flags\/ru_RU.png\" width=\"18\" height=\"12\" alt=\"ru_RU\" title=\"\u0420\u0443\u0441\u0441\u043a\u0438\u0439\"><span class=\"trp-ls-language-name\">RU<\/span><\/span><\/a><\/li>\n\t<li class=\"trp-language-switcher-container menu-item menu-item-type-post_type menu-item-object-language_switcher current-language-menu-item menu-item-1667\"><a href=\"https:\/\/meerhofdk.ee\/et\/wp-json\/wp\/v2\/pages\/3801\" class=\"elementor-sub-item elementor-item-anchor\"><span data-no-translation><img loading=\"lazy\" decoding=\"async\" class=\"trp-flag-image\" src=\"https:\/\/meerhofdk.ee\/wp-content\/plugins\/translatepress-multilingual\/assets\/images\/flags\/en_US.png\" width=\"18\" height=\"12\" alt=\"en_US\" title=\"English\"><span class=\"trp-ls-language-name\">EN<\/span><\/span><\/a><\/li>\n\t<li class=\"trp-language-switcher-container menu-item menu-item-type-post_type menu-item-object-language_switcher current-language-menu-item menu-item-1664\"><a href=\"https:\/\/meerhofdk.ee\/et\/wp-json\/wp\/v2\/pages\/3801\" class=\"elementor-sub-item elementor-item-anchor\"><span data-no-translation><img loading=\"lazy\" decoding=\"async\" class=\"trp-flag-image\" src=\"https:\/\/meerhofdk.ee\/wp-content\/plugins\/translatepress-multilingual\/assets\/images\/flags\/fi.png\" width=\"18\" height=\"12\" alt=\"fi\" title=\"Suomi\"><span class=\"trp-ls-language-name\">FI<\/span><\/span><\/a><\/li>\n<\/ul>\n<\/li>\n<\/ul>\t\t\t<\/nav>\n\t\t\t\t\t\t<nav class=\"elementor-nav-menu--dropdown elementor-nav-menu__container\" aria-hidden=\"true\">\n\t\t\t\t<ul id=\"menu-2-e0ab082\" class=\"elementor-nav-menu\"><li class=\"trp-language-switcher-container menu-item menu-item-type-post_type menu-item-object-language_switcher menu-item-has-children current-language-menu-item menu-item-1663\"><a href=\"https:\/\/meerhofdk.ee\/et\/wp-json\/wp\/v2\/pages\/3801\" class=\"elementor-item elementor-item-anchor\" tabindex=\"-1\"><span data-no-translation><img decoding=\"async\" class=\"trp-flag-image\" src=\"https:\/\/meerhofdk.ee\/wp-content\/plugins\/translatepress-multilingual\/assets\/images\/flags\/et.png\" width=\"18\" height=\"12\" alt=\"et\" title=\"Eesti\"><span class=\"trp-ls-language-name\">ET<\/span><\/span><\/a>\n<ul class=\"sub-menu elementor-nav-menu--dropdown\">\n\t<li class=\"trp-language-switcher-container menu-item menu-item-type-post_type menu-item-object-language_switcher current-language-menu-item menu-item-1665\"><a href=\"https:\/\/meerhofdk.ee\/et\/wp-json\/wp\/v2\/pages\/3801\" class=\"elementor-sub-item elementor-item-anchor\" tabindex=\"-1\"><span data-no-translation><img decoding=\"async\" class=\"trp-flag-image\" src=\"https:\/\/meerhofdk.ee\/wp-content\/plugins\/translatepress-multilingual\/assets\/images\/flags\/ru_RU.png\" width=\"18\" height=\"12\" alt=\"ru_RU\" title=\"\u0420\u0443\u0441\u0441\u043a\u0438\u0439\"><span class=\"trp-ls-language-name\">RU<\/span><\/span><\/a><\/li>\n\t<li class=\"trp-language-switcher-container menu-item menu-item-type-post_type menu-item-object-language_switcher current-language-menu-item menu-item-1667\"><a href=\"https:\/\/meerhofdk.ee\/et\/wp-json\/wp\/v2\/pages\/3801\" class=\"elementor-sub-item elementor-item-anchor\" tabindex=\"-1\"><span data-no-translation><img loading=\"lazy\" decoding=\"async\" class=\"trp-flag-image\" src=\"https:\/\/meerhofdk.ee\/wp-content\/plugins\/translatepress-multilingual\/assets\/images\/flags\/en_US.png\" width=\"18\" height=\"12\" alt=\"en_US\" title=\"English\"><span class=\"trp-ls-language-name\">EN<\/span><\/span><\/a><\/li>\n\t<li class=\"trp-language-switcher-container menu-item menu-item-type-post_type menu-item-object-language_switcher current-language-menu-item menu-item-1664\"><a href=\"https:\/\/meerhofdk.ee\/et\/wp-json\/wp\/v2\/pages\/3801\" class=\"elementor-sub-item elementor-item-anchor\" tabindex=\"-1\"><span data-no-translation><img loading=\"lazy\" decoding=\"async\" class=\"trp-flag-image\" src=\"https:\/\/meerhofdk.ee\/wp-content\/plugins\/translatepress-multilingual\/assets\/images\/flags\/fi.png\" width=\"18\" height=\"12\" alt=\"fi\" title=\"Suomi\"><span class=\"trp-ls-language-name\">FI<\/span><\/span><\/a><\/li>\n<\/ul>\n<\/li>\n<\/ul>\t\t\t<\/nav>\n\t\t\t\t\t\t<\/div>\n\t\t\t\t<\/div>\n\t\t\t\t\t<\/div>\n\t\t<\/div>\n\t\t\t\t\t<\/div>\n\t\t<\/section>\n\t\t\t\t<section class=\"elementor-section elementor-top-section elementor-element elementor-element-6d6fdb5b elementor-section-boxed elementor-section-height-default elementor-section-height-default\" data-id=\"6d6fdb5b\" data-element_type=\"section\" data-e-type=\"section\" data-settings=\"{&quot;_ha_eqh_enable&quot;:false}\">\n\t\t\t\t\t\t<div class=\"elementor-container elementor-column-gap-default\">\n\t\t\t\t\t<div class=\"elementor-column elementor-col-66 elementor-top-column elementor-element elementor-element-d87bada\" data-id=\"d87bada\" data-element_type=\"column\" data-e-type=\"column\">\n\t\t\t<div class=\"elementor-widget-wrap elementor-element-populated\">\n\t\t\t\t\t\t<div class=\"elementor-element elementor-element-5a7f1867 elementor-widget elementor-widget-heading\" data-id=\"5a7f1867\" data-element_type=\"widget\" data-e-type=\"widget\" data-widget_type=\"heading.default\">\n\t\t\t\t<div class=\"elementor-widget-container\">\n\t\t\t\t\t<h1 class=\"elementor-heading-title elementor-size-default\">Meelespea juureravi saanud patsientidele\n<\/h1>\t\t\t\t<\/div>\n\t\t\t\t<\/div>\n\t\t\t\t<div class=\"elementor-element elementor-element-272c5823 elementor-widget elementor-widget-text-editor\" data-id=\"272c5823\" data-element_type=\"widget\" data-e-type=\"widget\" data-widget_type=\"text-editor.default\">\n\t\t\t\t<div class=\"elementor-widget-container\">\n\t\t\t\t\t\t\t\t\t<p>Juurekanalite ravi on j\u00f5uline stomatoloogiline sekkumine hamba s\u00e4ilitamiseks. See seisneb nakatunud kudede eemaldamises kanalist, kanalite mehaanilisest, ravimitega, ultraheliga t\u00f6\u00f6tlemisest ja kanali(te) plommimisest raviva (ajutise) v\u00f5i p\u00fcsiva materjaliga. Ravi mugavuse tagamiseks soovitame j\u00e4rgida j\u00e4rgmisi soovitusi.<\/p><ul><li>Plommitud hambaid tuleb harjata hambapastaga nagu loomulikke hambaid - kaks korda p\u00e4evas. P\u00e4rast s\u00f6\u00f6mist loputage suud, et eemaldada toiduj\u00e4\u00e4gid. Hambavahede puhastamiseks kasutage loputit v\u00f5i hambaniiti.<\/li><li>Kui harjamise ajal tekib veritsus, \u00e4rge l\u00f5petage h\u00fcgieeniprotseduure. Kui veritsus ei kao 3-4 p\u00e4eva jooksul, peate p\u00f6\u00f6rduma arsti poole. Seda protseduuri saab kombineerida p\u00f5hiprotokolli v\u00f5i silmahoolduse protokolliga.<\/li><li>Kui p\u00e4rast plommimist ja kohaliku tuimestuse l\u00f5ppu takistab plomm hammaste \u00fchendumist, tuleb v\u00f5imalikult kiiresti p\u00f6\u00f6rduda arsti poole.<\/li><li>Plommimisprotsessis kasutatakse k\u00f5ige sagedamini kohalikku tuimestust, mis kestab mitu tundi. Tuimestuse ajal loobuge s\u00f6\u00f6misest, eriti kuumadest toitudest, et kaitsta end v\u00f5imalike p\u00f5letuste v\u00f5i vigastuste eest.<\/li><li>P\u00e4rast kohaliku tuimestuse l\u00f5ppu v\u00f5ivad tekkida tugevad valud ja\/v\u00f5i valulikkus hambaga hammustamisel. See on seotud organismi loomuliku bioloogilise reageerimisega sekkumisele ja meditsiinilise v\u00f5i plommimaterjali olemasoluga hamba kanali(te)s ning oleneb ka p\u00f5letiku astmest, mis oli teie p\u00f6\u00f6rdumise ajal juuri \u00fcmbritsevates kudedes juba olemas. Need aistingud v\u00f5ivad p\u00fcsida mitu \u00f6\u00f6p\u00e4eva. Soovitame sellel perioodil:<ul><li>piirata ravitud hamba n\u00e4rimiskoormust;<\/li><li>vajadusel v\u00f5ite v\u00f5tta arsti soovitatud valuvaigistit;<\/li><li>kui valu intensiivistub, tekib paistetus, temperatuur t\u00f5useb, peate viivitamatult p\u00f6\u00f6rduma raviarsti poole.<\/li><\/ul><\/li><li>P\u00e4rast komposiitmaterjalist plommi paigaldamist ei tohi esimese kahe p\u00e4eva jooksul p\u00e4rast hammaste plommimist tarbida looduslikke ja kunstlikke v\u00e4rvaineid sisaldavaid toite\/jooke (n\u00e4iteks mustikaid, teed, kohvi jne).<\/li><li>Plommi ja plommiga k\u00fclgnevate k\u00f5vade hambakudede murenemise v\u00e4ltimiseks ei soovitata tarbida ja n\u00e4rida v\u00e4ga k\u00f5vu toite (n\u00e4iteks p\u00e4hkleid, kuivikuid), hammustada suuri t\u00fckke (n\u00e4iteks tervest \u00f5unast).<\/li><li>P\u00e4rast juureravi v\u00f5ib hammas olla kaetud ajutise plommiga. Soovitame mitte s\u00fc\u00fca esimese 2 tunni jooksul p\u00e4rast ravi, kuni plomm on t\u00e4ielikult k\u00f5venenud, samuti v\u00e4hendada ravitud hamba n\u00e4rimiskoormust kogu raviperioodi v\u00e4ltel. Plomm-m\u00e4his v\u00f5ib n\u00e4rimise ajal kergelt mureneda ja suus v\u00f5ib tekkida tavatu maitse. Kui ajutine plomm tuli v\u00e4lja, tuleb \u00f5\u00f5nsus vatikuuliga sulgeda ja viivitamatult p\u00f6\u00f6rduda raviarsti poole, et nakkus ei satuks juurekanali(te)sse.<\/li><\/ul><p>\u00a0<\/p><p>Tuletame meelde, et 2-aastane garantiiperiood kehtib ainult siis, kui toimub hammaste esmane juureravi ja puuduvad luukoe \u00e4rrituse kolded, samuti kui k\u00fclastate hambapolikliinikut v\u00e4hemalt iga 6 kuu j\u00e4rel arstipoolseks plaanip\u00e4raseks l\u00e4bivaatuseks ja t\u00e4idate kohustuslikke protseduure, mille eesm\u00e4rk on hoida suu\u00f5\u00f5ne h\u00fcgieeni.<\/p>\t\t\t\t\t\t\t\t<\/div>\n\t\t\t\t<\/div>\n\t\t\t\t\t<\/div>\n\t\t<\/div>\n\t\t\t\t<div class=\"elementor-column elementor-col-33 elementor-top-column elementor-element elementor-element-10edf73b\" data-id=\"10edf73b\" data-element_type=\"column\" data-e-type=\"column\">\n\t\t\t<div class=\"elementor-widget-wrap elementor-element-populated\">\n\t\t\t\t\t\t<div class=\"elementor-element elementor-element-27e3544 elementor-nav-menu--dropdown-none elementor-widget elementor-widget-nav-menu\" data-id=\"27e3544\" data-element_type=\"widget\" data-e-type=\"widget\" data-settings=\"{&quot;layout&quot;:&quot;vertical&quot;,&quot;submenu_icon&quot;:{&quot;value&quot;:&quot;&lt;svg aria-hidden=\\&quot;true\\&quot; class=\\&quot;e-font-icon-svg e-fas-caret-down\\&quot; viewBox=\\&quot;0 0 320 512\\&quot; xmlns=\\&quot;http:\\\/\\\/www.w3.org\\\/2000\\\/svg\\&quot;&gt;&lt;path d=\\&quot;M31.3 192h257.3c17.8 0 26.7 21.5 14.1 34.1L174.1 354.8c-7.8 7.8-20.5 7.8-28.3 0L17.2 226.1C4.6 213.5 13.5 192 31.3 192z\\&quot;&gt;&lt;\\\/path&gt;&lt;\\\/svg&gt;&quot;,&quot;library&quot;:&quot;fa-solid&quot;}}\" data-widget_type=\"nav-menu.default\">\n\t\t\t\t<div class=\"elementor-widget-container\">\n\t\t\t\t\t\t\t\t<nav aria-label=\"Menu\" class=\"elementor-nav-menu--main elementor-nav-menu__container elementor-nav-menu--layout-vertical e--pointer-background e--animation-sweep-down\">\n\t\t\t\t<ul id=\"menu-1-27e3544\" class=\"elementor-nav-menu sm-vertical\"><li class=\"menu-item menu-item-type-post_type menu-item-object-page menu-item-3841\"><a href=\"https:\/\/meerhofdk.ee\/et\/patsiendi-meelespea-parast-kaariese-ravi\/\" class=\"elementor-item\">Patsiendi meelespea p\u00e4rast kaariese ravi<\/a><\/li>\n<li class=\"menu-item menu-item-type-post_type menu-item-object-page menu-item-3842\"><a href=\"https:\/\/meerhofdk.ee\/et\/fikseeritud-proteesi-kasutava-patsiendi-meelespea\/\" class=\"elementor-item\">Fixed dental prostheses memo<\/a><\/li>\n<li class=\"menu-item menu-item-type-post_type menu-item-object-page menu-item-3843\"><a href=\"https:\/\/meerhofdk.ee\/et\/patsiendi-meelespea-parast-poskkoopapohja-tostmise-operatsiooni\/\" class=\"elementor-item\">Patsiendi meelespea p\u00e4rast p\u00f5skkoopap\u00f5hja t\u00f5stmise operatsiooni<\/a><\/li>\n<li class=\"menu-item menu-item-type-post_type menu-item-object-page menu-item-3844\"><a href=\"https:\/\/meerhofdk.ee\/et\/patsiendi-meelespea-parast-hammaste-tootlemist-ortopeediliste-konstruktsioonide-jaoks\/\" class=\"elementor-item\">Patsiendi meelespea p\u00e4rast hammaste t\u00f6\u00f6tlemist ortopeediliste konstruktioonide jaoks<\/a><\/li>\n<li class=\"menu-item menu-item-type-post_type menu-item-object-page menu-item-3845\"><a href=\"https:\/\/meerhofdk.ee\/et\/patsiendi-meelespea-parast-igemete-kuretaazi\/\" class=\"elementor-item\">Patsiendi meelespea p\u00e4rast igemete k\u00fcretaa\u017ei<\/a><\/li>\n<li class=\"menu-item menu-item-type-post_type menu-item-object-page menu-item-3846\"><a href=\"https:\/\/meerhofdk.ee\/et\/patsiendi-meelespea-parast-hammaste-valgendamist\/\" class=\"elementor-item\">Patsiendi meelespea p\u00e4rast hammaste valgendamist<\/a><\/li>\n<li class=\"menu-item menu-item-type-post_type menu-item-object-page menu-item-3847\"><a href=\"https:\/\/meerhofdk.ee\/et\/meelespea-juureravi-saanud-patsientidele\/\" class=\"elementor-item\">Meelespea juureravi saanud patsientidele<\/a><\/li>\n<li class=\"menu-item menu-item-type-post_type menu-item-object-page menu-item-3848\"><a href=\"https:\/\/meerhofdk.ee\/et\/patsiendi-meelespea-parast-hamba-eemaldamist\/\" class=\"elementor-item\">Patsiendi meelespea p\u00e4rast hamba eemaldamist<\/a><\/li>\n<li class=\"menu-item menu-item-type-post_type menu-item-object-page menu-item-3849\"><a href=\"https:\/\/meerhofdk.ee\/et\/hugieeni-memo\/\" class=\"elementor-item\">Arsti soovitused peale professionaalset suu\u00f5\u00f5ne h\u00fcgieeni<\/a><\/li>\n<li class=\"menu-item menu-item-type-post_type menu-item-object-page menu-item-3850\"><a href=\"https:\/\/meerhofdk.ee\/et\/kirurgia-memo\/\" class=\"elementor-item\">Kirurgia memo<\/a><\/li>\n<\/ul>\t\t\t<\/nav>\n\t\t\t\t\t\t<nav class=\"elementor-nav-menu--dropdown elementor-nav-menu__container\" aria-hidden=\"true\">\n\t\t\t\t<ul id=\"menu-2-27e3544\" class=\"elementor-nav-menu sm-vertical\"><li class=\"menu-item menu-item-type-post_type menu-item-object-page menu-item-3841\"><a href=\"https:\/\/meerhofdk.ee\/et\/patsiendi-meelespea-parast-kaariese-ravi\/\" class=\"elementor-item\" tabindex=\"-1\">Patsiendi meelespea p\u00e4rast kaariese ravi<\/a><\/li>\n<li class=\"menu-item menu-item-type-post_type menu-item-object-page menu-item-3842\"><a href=\"https:\/\/meerhofdk.ee\/et\/fikseeritud-proteesi-kasutava-patsiendi-meelespea\/\" class=\"elementor-item\" tabindex=\"-1\">Fixed dental prostheses memo<\/a><\/li>\n<li class=\"menu-item menu-item-type-post_type menu-item-object-page menu-item-3843\"><a href=\"https:\/\/meerhofdk.ee\/et\/patsiendi-meelespea-parast-poskkoopapohja-tostmise-operatsiooni\/\" class=\"elementor-item\" tabindex=\"-1\">Patsiendi meelespea p\u00e4rast p\u00f5skkoopap\u00f5hja t\u00f5stmise operatsiooni<\/a><\/li>\n<li class=\"menu-item menu-item-type-post_type menu-item-object-page menu-item-3844\"><a href=\"https:\/\/meerhofdk.ee\/et\/patsiendi-meelespea-parast-hammaste-tootlemist-ortopeediliste-konstruktsioonide-jaoks\/\" class=\"elementor-item\" tabindex=\"-1\">Patsiendi meelespea p\u00e4rast hammaste t\u00f6\u00f6tlemist ortopeediliste konstruktioonide jaoks<\/a><\/li>\n<li class=\"menu-item menu-item-type-post_type menu-item-object-page menu-item-3845\"><a href=\"https:\/\/meerhofdk.ee\/et\/patsiendi-meelespea-parast-igemete-kuretaazi\/\" class=\"elementor-item\" tabindex=\"-1\">Patsiendi meelespea p\u00e4rast igemete k\u00fcretaa\u017ei<\/a><\/li>\n<li class=\"menu-item menu-item-type-post_type menu-item-object-page menu-item-3846\"><a href=\"https:\/\/meerhofdk.ee\/et\/patsiendi-meelespea-parast-hammaste-valgendamist\/\" class=\"elementor-item\" tabindex=\"-1\">Patsiendi meelespea p\u00e4rast hammaste valgendamist<\/a><\/li>\n<li class=\"menu-item menu-item-type-post_type menu-item-object-page menu-item-3847\"><a href=\"https:\/\/meerhofdk.ee\/et\/meelespea-juureravi-saanud-patsientidele\/\" class=\"elementor-item\" tabindex=\"-1\">Meelespea juureravi saanud patsientidele<\/a><\/li>\n<li class=\"menu-item menu-item-type-post_type menu-item-object-page menu-item-3848\"><a href=\"https:\/\/meerhofdk.ee\/et\/patsiendi-meelespea-parast-hamba-eemaldamist\/\" class=\"elementor-item\" tabindex=\"-1\">Patsiendi meelespea p\u00e4rast hamba eemaldamist<\/a><\/li>\n<li class=\"menu-item menu-item-type-post_type menu-item-object-page menu-item-3849\"><a href=\"https:\/\/meerhofdk.ee\/et\/hugieeni-memo\/\" class=\"elementor-item\" tabindex=\"-1\">Arsti soovitused peale professionaalset suu\u00f5\u00f5ne h\u00fcgieeni<\/a><\/li>\n<li class=\"menu-item menu-item-type-post_type menu-item-object-page menu-item-3850\"><a href=\"https:\/\/meerhofdk.ee\/et\/kirurgia-memo\/\" class=\"elementor-item\" tabindex=\"-1\">Kirurgia memo<\/a><\/li>\n<\/ul>\t\t\t<\/nav>\n\t\t\t\t\t\t<\/div>\n\t\t\t\t<\/div>\n\t\t\t\t\t<\/div>\n\t\t<\/div>\n\t\t\t\t\t<\/div>\n\t\t<\/section>\n\t\t\t\t<\/div>","protected":false},"excerpt":{"rendered":"<p>Patient Instructions after Completed Endodontic Treatment Root canal treatment is a serious dental intervention allowing to save a tooth. It involves the removal of infected tissues from a canal, mechanical, medical, ultrasonic root canal debridement and filling with a therapeutic (temporary) or permanent material. To ensure the more comfortable treatment, please adhere to the following [&hellip;]<\/p>\n","protected":false},"author":1,"featured_media":0,"parent":0,"menu_order":0,"comment_status":"closed","ping_status":"closed","template":"elementor_header_footer","meta":{"footnotes":""},"class_list":["post-3801","page","type-page","status-publish","hentry"],"_links":{"self":[{"href":"https:\/\/meerhofdk.ee\/et\/wp-json\/wp\/v2\/pages\/3801","targetHints":{"allow":["GET"]}}],"collection":[{"href":"https:\/\/meerhofdk.ee\/et\/wp-json\/wp\/v2\/pages"}],"about":[{"href":"https:\/\/meerhofdk.ee\/et\/wp-json\/wp\/v2\/types\/page"}],"author":[{"embeddable":true,"href":"https:\/\/meerhofdk.ee\/et\/wp-json\/wp\/v2\/users\/1"}],"replies":[{"embeddable":true,"href":"https:\/\/meerhofdk.ee\/et\/wp-json\/wp\/v2\/comments?post=3801"}],"version-history":[{"count":6,"href":"https:\/\/meerhofdk.ee\/et\/wp-json\/wp\/v2\/pages\/3801\/revisions"}],"predecessor-version":[{"id":5035,"href":"https:\/\/meerhofdk.ee\/et\/wp-json\/wp\/v2\/pages\/3801\/revisions\/5035"}],"wp:attachment":[{"href":"https:\/\/meerhofdk.ee\/et\/wp-json\/wp\/v2\/media?parent=3801"}],"curies":[{"name":"wp","href":"https:\/\/api.w.org\/{rel}","templated":true}]}}