{"id":3805,"date":"2020-07-09T15:36:33","date_gmt":"2020-07-09T15:36:33","guid":{"rendered":"https:\/\/meerhofdk.ee\/?page_id=3805"},"modified":"2021-05-07T11:22:37","modified_gmt":"2021-05-07T11:22:37","slug":"patsiendi-meelespea-parast-hammaste-valgendamist","status":"publish","type":"page","link":"https:\/\/meerhofdk.ee\/et\/patsiendi-meelespea-parast-hammaste-valgendamist\/","title":{"rendered":"Patsiendi meelespea p\u00e4rast hammaste valgendamist"},"content":{"rendered":"<div data-elementor-type=\"wp-page\" data-elementor-id=\"3805\" class=\"elementor elementor-3805\" data-elementor-settings=\"{&quot;ha_cmc_init_switcher&quot;:&quot;no&quot;}\" data-elementor-post-type=\"page\">\n\t\t\t\t\t\t<section class=\"elementor-section elementor-top-section elementor-element elementor-element-7edf455 elementor-section-boxed elementor-section-height-default elementor-section-height-default\" data-id=\"7edf455\" data-element_type=\"section\" data-e-type=\"section\" data-settings=\"{&quot;_ha_eqh_enable&quot;:false}\">\n\t\t\t\t\t\t<div class=\"elementor-container elementor-column-gap-default\">\n\t\t\t\t\t<div class=\"elementor-column elementor-col-50 elementor-top-column elementor-element elementor-element-91af145\" data-id=\"91af145\" data-element_type=\"column\" data-e-type=\"column\">\n\t\t\t<div class=\"elementor-widget-wrap elementor-element-populated\">\n\t\t\t\t\t\t<div class=\"elementor-element elementor-element-02cc93d elementor-widget elementor-widget-image\" data-id=\"02cc93d\" data-element_type=\"widget\" data-e-type=\"widget\" data-widget_type=\"image.default\">\n\t\t\t\t<div class=\"elementor-widget-container\">\n\t\t\t\t\t\t\t\t\t\t\t\t\t\t\t<img decoding=\"async\" width=\"150\" height=\"150\" src=\"https:\/\/meerhofdk.ee\/wp-content\/uploads\/2019\/04\/meerhof_dental_logotype_icon_gray-150x150.png\" class=\"attachment-thumbnail size-thumbnail wp-image-82\" alt=\"Meerhof Dental Center logo\" srcset=\"https:\/\/meerhofdk.ee\/wp-content\/uploads\/2019\/04\/meerhof_dental_logotype_icon_gray-150x150.png 150w, https:\/\/meerhofdk.ee\/wp-content\/uploads\/2019\/04\/meerhof_dental_logotype_icon_gray-300x300.png 300w, https:\/\/meerhofdk.ee\/wp-content\/uploads\/2019\/04\/meerhof_dental_logotype_icon_gray-768x768.png 768w, https:\/\/meerhofdk.ee\/wp-content\/uploads\/2019\/04\/meerhof_dental_logotype_icon_gray.png 1000w\" sizes=\"(max-width: 150px) 100vw, 150px\" title=\"\">\t\t\t\t\t\t\t\t\t\t\t\t\t\t\t<\/div>\n\t\t\t\t<\/div>\n\t\t\t\t\t<\/div>\n\t\t<\/div>\n\t\t\t\t<div class=\"elementor-column elementor-col-50 elementor-top-column elementor-element elementor-element-8a54f83\" data-id=\"8a54f83\" data-element_type=\"column\" data-e-type=\"column\">\n\t\t\t<div class=\"elementor-widget-wrap elementor-element-populated\">\n\t\t\t\t\t\t<div class=\"elementor-element elementor-element-9e36122 elementor-nav-menu__align-end elementor-nav-menu--dropdown-none elementor-widget elementor-widget-nav-menu\" data-id=\"9e36122\" data-element_type=\"widget\" data-e-type=\"widget\" data-settings=\"{&quot;layout&quot;:&quot;horizontal&quot;,&quot;submenu_icon&quot;:{&quot;value&quot;:&quot;&lt;svg aria-hidden=\\&quot;true\\&quot; class=\\&quot;e-font-icon-svg e-fas-caret-down\\&quot; viewBox=\\&quot;0 0 320 512\\&quot; xmlns=\\&quot;http:\\\/\\\/www.w3.org\\\/2000\\\/svg\\&quot;&gt;&lt;path d=\\&quot;M31.3 192h257.3c17.8 0 26.7 21.5 14.1 34.1L174.1 354.8c-7.8 7.8-20.5 7.8-28.3 0L17.2 226.1C4.6 213.5 13.5 192 31.3 192z\\&quot;&gt;&lt;\\\/path&gt;&lt;\\\/svg&gt;&quot;,&quot;library&quot;:&quot;fa-solid&quot;}}\" data-widget_type=\"nav-menu.default\">\n\t\t\t\t<div class=\"elementor-widget-container\">\n\t\t\t\t\t\t\t\t<nav aria-label=\"Menu\" class=\"elementor-nav-menu--main elementor-nav-menu__container elementor-nav-menu--layout-horizontal e--pointer-underline e--animation-fade\">\n\t\t\t\t<ul id=\"menu-1-9e36122\" class=\"elementor-nav-menu\"><li class=\"trp-language-switcher-container menu-item menu-item-type-post_type menu-item-object-language_switcher menu-item-has-children current-language-menu-item menu-item-1663\"><a href=\"https:\/\/meerhofdk.ee\/et\/wp-json\/wp\/v2\/pages\/3805\" class=\"elementor-item elementor-item-anchor\"><span data-no-translation><img decoding=\"async\" class=\"trp-flag-image\" src=\"https:\/\/meerhofdk.ee\/wp-content\/plugins\/translatepress-multilingual\/assets\/images\/flags\/et.png\" width=\"18\" height=\"12\" alt=\"et\" title=\"Eesti\"><span class=\"trp-ls-language-name\">ET<\/span><\/span><\/a>\n<ul class=\"sub-menu elementor-nav-menu--dropdown\">\n\t<li class=\"trp-language-switcher-container menu-item menu-item-type-post_type menu-item-object-language_switcher current-language-menu-item menu-item-1665\"><a href=\"https:\/\/meerhofdk.ee\/et\/wp-json\/wp\/v2\/pages\/3805\" class=\"elementor-sub-item elementor-item-anchor\"><span data-no-translation><img decoding=\"async\" class=\"trp-flag-image\" src=\"https:\/\/meerhofdk.ee\/wp-content\/plugins\/translatepress-multilingual\/assets\/images\/flags\/ru_RU.png\" width=\"18\" height=\"12\" alt=\"ru_RU\" title=\"\u0420\u0443\u0441\u0441\u043a\u0438\u0439\"><span class=\"trp-ls-language-name\">RU<\/span><\/span><\/a><\/li>\n\t<li class=\"trp-language-switcher-container menu-item menu-item-type-post_type menu-item-object-language_switcher current-language-menu-item menu-item-1667\"><a href=\"https:\/\/meerhofdk.ee\/et\/wp-json\/wp\/v2\/pages\/3805\" class=\"elementor-sub-item elementor-item-anchor\"><span data-no-translation><img loading=\"lazy\" decoding=\"async\" class=\"trp-flag-image\" src=\"https:\/\/meerhofdk.ee\/wp-content\/plugins\/translatepress-multilingual\/assets\/images\/flags\/en_US.png\" width=\"18\" height=\"12\" alt=\"en_US\" title=\"English\"><span class=\"trp-ls-language-name\">EN<\/span><\/span><\/a><\/li>\n\t<li class=\"trp-language-switcher-container menu-item menu-item-type-post_type menu-item-object-language_switcher current-language-menu-item menu-item-1664\"><a href=\"https:\/\/meerhofdk.ee\/et\/wp-json\/wp\/v2\/pages\/3805\" class=\"elementor-sub-item elementor-item-anchor\"><span data-no-translation><img loading=\"lazy\" decoding=\"async\" class=\"trp-flag-image\" src=\"https:\/\/meerhofdk.ee\/wp-content\/plugins\/translatepress-multilingual\/assets\/images\/flags\/fi.png\" width=\"18\" height=\"12\" alt=\"fi\" title=\"Suomi\"><span class=\"trp-ls-language-name\">FI<\/span><\/span><\/a><\/li>\n<\/ul>\n<\/li>\n<\/ul>\t\t\t<\/nav>\n\t\t\t\t\t\t<nav class=\"elementor-nav-menu--dropdown elementor-nav-menu__container\" aria-hidden=\"true\">\n\t\t\t\t<ul id=\"menu-2-9e36122\" class=\"elementor-nav-menu\"><li class=\"trp-language-switcher-container menu-item menu-item-type-post_type menu-item-object-language_switcher menu-item-has-children current-language-menu-item menu-item-1663\"><a href=\"https:\/\/meerhofdk.ee\/et\/wp-json\/wp\/v2\/pages\/3805\" class=\"elementor-item elementor-item-anchor\" tabindex=\"-1\"><span data-no-translation><img decoding=\"async\" class=\"trp-flag-image\" src=\"https:\/\/meerhofdk.ee\/wp-content\/plugins\/translatepress-multilingual\/assets\/images\/flags\/et.png\" width=\"18\" height=\"12\" alt=\"et\" title=\"Eesti\"><span class=\"trp-ls-language-name\">ET<\/span><\/span><\/a>\n<ul class=\"sub-menu elementor-nav-menu--dropdown\">\n\t<li class=\"trp-language-switcher-container menu-item menu-item-type-post_type menu-item-object-language_switcher current-language-menu-item menu-item-1665\"><a href=\"https:\/\/meerhofdk.ee\/et\/wp-json\/wp\/v2\/pages\/3805\" class=\"elementor-sub-item elementor-item-anchor\" tabindex=\"-1\"><span data-no-translation><img decoding=\"async\" class=\"trp-flag-image\" src=\"https:\/\/meerhofdk.ee\/wp-content\/plugins\/translatepress-multilingual\/assets\/images\/flags\/ru_RU.png\" width=\"18\" height=\"12\" alt=\"ru_RU\" title=\"\u0420\u0443\u0441\u0441\u043a\u0438\u0439\"><span class=\"trp-ls-language-name\">RU<\/span><\/span><\/a><\/li>\n\t<li class=\"trp-language-switcher-container menu-item menu-item-type-post_type menu-item-object-language_switcher current-language-menu-item menu-item-1667\"><a href=\"https:\/\/meerhofdk.ee\/et\/wp-json\/wp\/v2\/pages\/3805\" class=\"elementor-sub-item elementor-item-anchor\" tabindex=\"-1\"><span data-no-translation><img loading=\"lazy\" decoding=\"async\" class=\"trp-flag-image\" src=\"https:\/\/meerhofdk.ee\/wp-content\/plugins\/translatepress-multilingual\/assets\/images\/flags\/en_US.png\" width=\"18\" height=\"12\" alt=\"en_US\" title=\"English\"><span class=\"trp-ls-language-name\">EN<\/span><\/span><\/a><\/li>\n\t<li class=\"trp-language-switcher-container menu-item menu-item-type-post_type menu-item-object-language_switcher current-language-menu-item menu-item-1664\"><a href=\"https:\/\/meerhofdk.ee\/et\/wp-json\/wp\/v2\/pages\/3805\" class=\"elementor-sub-item elementor-item-anchor\" tabindex=\"-1\"><span data-no-translation><img loading=\"lazy\" decoding=\"async\" class=\"trp-flag-image\" src=\"https:\/\/meerhofdk.ee\/wp-content\/plugins\/translatepress-multilingual\/assets\/images\/flags\/fi.png\" width=\"18\" height=\"12\" alt=\"fi\" title=\"Suomi\"><span class=\"trp-ls-language-name\">FI<\/span><\/span><\/a><\/li>\n<\/ul>\n<\/li>\n<\/ul>\t\t\t<\/nav>\n\t\t\t\t\t\t<\/div>\n\t\t\t\t<\/div>\n\t\t\t\t\t<\/div>\n\t\t<\/div>\n\t\t\t\t\t<\/div>\n\t\t<\/section>\n\t\t\t\t<section class=\"elementor-section elementor-top-section elementor-element elementor-element-4a55f5f elementor-section-boxed elementor-section-height-default elementor-section-height-default\" data-id=\"4a55f5f\" data-element_type=\"section\" data-e-type=\"section\" data-settings=\"{&quot;_ha_eqh_enable&quot;:false}\">\n\t\t\t\t\t\t<div class=\"elementor-container elementor-column-gap-default\">\n\t\t\t\t\t<div class=\"elementor-column elementor-col-66 elementor-top-column elementor-element elementor-element-58cca935\" data-id=\"58cca935\" data-element_type=\"column\" data-e-type=\"column\">\n\t\t\t<div class=\"elementor-widget-wrap elementor-element-populated\">\n\t\t\t\t\t\t<div class=\"elementor-element elementor-element-399cda58 elementor-widget elementor-widget-heading\" data-id=\"399cda58\" data-element_type=\"widget\" data-e-type=\"widget\" data-widget_type=\"heading.default\">\n\t\t\t\t<div class=\"elementor-widget-container\">\n\t\t\t\t\t<h1 class=\"elementor-heading-title elementor-size-default\">Patsiendi meelespea p\u00e4rast hammaste valgendamist<\/h1>\t\t\t\t<\/div>\n\t\t\t\t<\/div>\n\t\t\t\t<div class=\"elementor-element elementor-element-2a666c2e elementor-widget elementor-widget-text-editor\" data-id=\"2a666c2e\" data-element_type=\"widget\" data-e-type=\"widget\" data-widget_type=\"text-editor.default\">\n\t\t\t\t<div class=\"elementor-widget-container\">\n\t\t\t\t\t\t\t\t\t<ul><li>Pidage esimese 2 n\u00e4dala jooksul p\u00e4rast protseduuri \u201ev\u00e4rvitut dieeti\u201c. V\u00e4ltige tubakatoodete, kohvi, tee, v\u00e4rviliste gaseeritud jookide, punase veini ning teiste pigmenti sisaldavate toitude ja jookide kasutamist. Samuti piirake v\u00e4rviliste suuvedelike ja hambapastade kasutamist.<\/li><li>Hammaste tundlikkuse korral tarbige tavalisi valuvaigisteid. See s\u00fcmptom kaob \u00f6\u00f6p\u00e4eva jooksul.<\/li><li>T\u00e4helepanu! Hammaste l\u00f5plik v\u00e4rv stabiliseerub kaks n\u00e4dalat p\u00e4rast protseduuri.<\/li><li>Suu\u00f5\u00f5nes olevad v\u00f5\u00f5rkehad, n\u00e4iteks hambaplommid, -kroonid, -sillad ei valgene ja seet\u00f5ttu tuleks need 2 n\u00e4dalat p\u00e4rast protseduuri v\u00e4lja vahetada.<\/li><li>Hammaste valgendamise m\u00f5ju s\u00e4ilimise kestus s\u00f5ltub individuaalsetest omadustest.<\/li><li>Efekti s\u00e4ilitamiseks on vaja piirata suitsetamist, intensiivsete toiduv\u00e4rvide kasutamist, arsti soovitusel l\u00e4bi viia l\u00fchikesi korduvaid koduseid valgendamisseansse ja kasutada spetsiaalseid valgendavaid hambapastasid.<\/li><li>Kui kliinilise valgendamise l\u00e4biviimiseks on vaja rohkem kui \u00fchte visiiti, peab protseduuride vahele j\u00e4\u00e4ma 1\u20132 n\u00e4dalat.<\/li><\/ul>\t\t\t\t\t\t\t\t<\/div>\n\t\t\t\t<\/div>\n\t\t\t\t\t<\/div>\n\t\t<\/div>\n\t\t\t\t<div class=\"elementor-column elementor-col-33 elementor-top-column elementor-element elementor-element-24ba2daa\" data-id=\"24ba2daa\" data-element_type=\"column\" data-e-type=\"column\">\n\t\t\t<div class=\"elementor-widget-wrap elementor-element-populated\">\n\t\t\t\t\t\t<div class=\"elementor-element elementor-element-432b0c0 elementor-nav-menu--dropdown-none elementor-widget elementor-widget-nav-menu\" data-id=\"432b0c0\" data-element_type=\"widget\" data-e-type=\"widget\" data-settings=\"{&quot;layout&quot;:&quot;vertical&quot;,&quot;submenu_icon&quot;:{&quot;value&quot;:&quot;&lt;svg aria-hidden=\\&quot;true\\&quot; class=\\&quot;e-font-icon-svg e-fas-caret-down\\&quot; viewBox=\\&quot;0 0 320 512\\&quot; xmlns=\\&quot;http:\\\/\\\/www.w3.org\\\/2000\\\/svg\\&quot;&gt;&lt;path d=\\&quot;M31.3 192h257.3c17.8 0 26.7 21.5 14.1 34.1L174.1 354.8c-7.8 7.8-20.5 7.8-28.3 0L17.2 226.1C4.6 213.5 13.5 192 31.3 192z\\&quot;&gt;&lt;\\\/path&gt;&lt;\\\/svg&gt;&quot;,&quot;library&quot;:&quot;fa-solid&quot;}}\" data-widget_type=\"nav-menu.default\">\n\t\t\t\t<div class=\"elementor-widget-container\">\n\t\t\t\t\t\t\t\t<nav aria-label=\"Menu\" class=\"elementor-nav-menu--main elementor-nav-menu__container elementor-nav-menu--layout-vertical e--pointer-background e--animation-sweep-down\">\n\t\t\t\t<ul id=\"menu-1-432b0c0\" class=\"elementor-nav-menu sm-vertical\"><li class=\"menu-item menu-item-type-post_type menu-item-object-page menu-item-3841\"><a href=\"https:\/\/meerhofdk.ee\/et\/patsiendi-meelespea-parast-kaariese-ravi\/\" class=\"elementor-item\">Patsiendi meelespea p\u00e4rast kaariese ravi<\/a><\/li>\n<li class=\"menu-item menu-item-type-post_type menu-item-object-page menu-item-3842\"><a href=\"https:\/\/meerhofdk.ee\/et\/fikseeritud-proteesi-kasutava-patsiendi-meelespea\/\" class=\"elementor-item\">Fixed dental prostheses memo<\/a><\/li>\n<li class=\"menu-item menu-item-type-post_type menu-item-object-page menu-item-3843\"><a href=\"https:\/\/meerhofdk.ee\/et\/patsiendi-meelespea-parast-poskkoopapohja-tostmise-operatsiooni\/\" class=\"elementor-item\">Patsiendi meelespea p\u00e4rast p\u00f5skkoopap\u00f5hja t\u00f5stmise operatsiooni<\/a><\/li>\n<li class=\"menu-item menu-item-type-post_type menu-item-object-page menu-item-3844\"><a href=\"https:\/\/meerhofdk.ee\/et\/patsiendi-meelespea-parast-hammaste-tootlemist-ortopeediliste-konstruktsioonide-jaoks\/\" class=\"elementor-item\">Patsiendi meelespea p\u00e4rast hammaste t\u00f6\u00f6tlemist ortopeediliste konstruktioonide jaoks<\/a><\/li>\n<li class=\"menu-item menu-item-type-post_type menu-item-object-page menu-item-3845\"><a href=\"https:\/\/meerhofdk.ee\/et\/patsiendi-meelespea-parast-igemete-kuretaazi\/\" class=\"elementor-item\">Patsiendi meelespea p\u00e4rast igemete k\u00fcretaa\u017ei<\/a><\/li>\n<li class=\"menu-item menu-item-type-post_type menu-item-object-page menu-item-3846\"><a href=\"https:\/\/meerhofdk.ee\/et\/patsiendi-meelespea-parast-hammaste-valgendamist\/\" class=\"elementor-item\">Patsiendi meelespea p\u00e4rast hammaste valgendamist<\/a><\/li>\n<li class=\"menu-item menu-item-type-post_type menu-item-object-page menu-item-3847\"><a href=\"https:\/\/meerhofdk.ee\/et\/meelespea-juureravi-saanud-patsientidele\/\" class=\"elementor-item\">Meelespea juureravi saanud patsientidele<\/a><\/li>\n<li class=\"menu-item menu-item-type-post_type menu-item-object-page menu-item-3848\"><a href=\"https:\/\/meerhofdk.ee\/et\/patsiendi-meelespea-parast-hamba-eemaldamist\/\" class=\"elementor-item\">Patsiendi meelespea p\u00e4rast hamba eemaldamist<\/a><\/li>\n<li class=\"menu-item menu-item-type-post_type menu-item-object-page menu-item-3849\"><a href=\"https:\/\/meerhofdk.ee\/et\/hugieeni-memo\/\" class=\"elementor-item\">Arsti soovitused peale professionaalset suu\u00f5\u00f5ne h\u00fcgieeni<\/a><\/li>\n<li class=\"menu-item menu-item-type-post_type menu-item-object-page menu-item-3850\"><a href=\"https:\/\/meerhofdk.ee\/et\/kirurgia-memo\/\" class=\"elementor-item\">Kirurgia memo<\/a><\/li>\n<\/ul>\t\t\t<\/nav>\n\t\t\t\t\t\t<nav class=\"elementor-nav-menu--dropdown elementor-nav-menu__container\" aria-hidden=\"true\">\n\t\t\t\t<ul id=\"menu-2-432b0c0\" class=\"elementor-nav-menu sm-vertical\"><li class=\"menu-item menu-item-type-post_type menu-item-object-page menu-item-3841\"><a href=\"https:\/\/meerhofdk.ee\/et\/patsiendi-meelespea-parast-kaariese-ravi\/\" class=\"elementor-item\" tabindex=\"-1\">Patsiendi meelespea p\u00e4rast kaariese ravi<\/a><\/li>\n<li class=\"menu-item menu-item-type-post_type menu-item-object-page menu-item-3842\"><a href=\"https:\/\/meerhofdk.ee\/et\/fikseeritud-proteesi-kasutava-patsiendi-meelespea\/\" class=\"elementor-item\" tabindex=\"-1\">Fixed dental prostheses memo<\/a><\/li>\n<li class=\"menu-item menu-item-type-post_type menu-item-object-page menu-item-3843\"><a href=\"https:\/\/meerhofdk.ee\/et\/patsiendi-meelespea-parast-poskkoopapohja-tostmise-operatsiooni\/\" class=\"elementor-item\" tabindex=\"-1\">Patsiendi meelespea p\u00e4rast p\u00f5skkoopap\u00f5hja t\u00f5stmise operatsiooni<\/a><\/li>\n<li class=\"menu-item menu-item-type-post_type menu-item-object-page menu-item-3844\"><a href=\"https:\/\/meerhofdk.ee\/et\/patsiendi-meelespea-parast-hammaste-tootlemist-ortopeediliste-konstruktsioonide-jaoks\/\" class=\"elementor-item\" tabindex=\"-1\">Patsiendi meelespea p\u00e4rast hammaste t\u00f6\u00f6tlemist ortopeediliste konstruktioonide jaoks<\/a><\/li>\n<li class=\"menu-item menu-item-type-post_type menu-item-object-page menu-item-3845\"><a href=\"https:\/\/meerhofdk.ee\/et\/patsiendi-meelespea-parast-igemete-kuretaazi\/\" class=\"elementor-item\" tabindex=\"-1\">Patsiendi meelespea p\u00e4rast igemete k\u00fcretaa\u017ei<\/a><\/li>\n<li class=\"menu-item menu-item-type-post_type menu-item-object-page menu-item-3846\"><a href=\"https:\/\/meerhofdk.ee\/et\/patsiendi-meelespea-parast-hammaste-valgendamist\/\" class=\"elementor-item\" tabindex=\"-1\">Patsiendi meelespea p\u00e4rast hammaste valgendamist<\/a><\/li>\n<li class=\"menu-item menu-item-type-post_type menu-item-object-page menu-item-3847\"><a href=\"https:\/\/meerhofdk.ee\/et\/meelespea-juureravi-saanud-patsientidele\/\" class=\"elementor-item\" tabindex=\"-1\">Meelespea juureravi saanud patsientidele<\/a><\/li>\n<li class=\"menu-item menu-item-type-post_type menu-item-object-page menu-item-3848\"><a href=\"https:\/\/meerhofdk.ee\/et\/patsiendi-meelespea-parast-hamba-eemaldamist\/\" class=\"elementor-item\" tabindex=\"-1\">Patsiendi meelespea p\u00e4rast hamba eemaldamist<\/a><\/li>\n<li class=\"menu-item menu-item-type-post_type menu-item-object-page menu-item-3849\"><a href=\"https:\/\/meerhofdk.ee\/et\/hugieeni-memo\/\" class=\"elementor-item\" tabindex=\"-1\">Arsti soovitused peale professionaalset suu\u00f5\u00f5ne h\u00fcgieeni<\/a><\/li>\n<li class=\"menu-item menu-item-type-post_type menu-item-object-page menu-item-3850\"><a href=\"https:\/\/meerhofdk.ee\/et\/kirurgia-memo\/\" class=\"elementor-item\" tabindex=\"-1\">Kirurgia memo<\/a><\/li>\n<\/ul>\t\t\t<\/nav>\n\t\t\t\t\t\t<\/div>\n\t\t\t\t<\/div>\n\t\t\t\t\t<\/div>\n\t\t<\/div>\n\t\t\t\t\t<\/div>\n\t\t<\/section>\n\t\t\t\t<\/div>","protected":false},"excerpt":{"rendered":"<p>TEETH WHITENING MEMO For the first two weeks follow a colorless diet, avoid tobacco products, coffee, tea, colored soft drinks, red wine, as well as other pigmented foods and drinks. You should also refrain from using colored toothpaste and elixirs. In case of tooth sensitivity, take a painkiller. This symptom will be gone within 24 [&hellip;]<\/p>\n","protected":false},"author":1,"featured_media":0,"parent":0,"menu_order":0,"comment_status":"closed","ping_status":"closed","template":"elementor_header_footer","meta":{"footnotes":""},"class_list":["post-3805","page","type-page","status-publish","hentry"],"_links":{"self":[{"href":"https:\/\/meerhofdk.ee\/et\/wp-json\/wp\/v2\/pages\/3805","targetHints":{"allow":["GET"]}}],"collection":[{"href":"https:\/\/meerhofdk.ee\/et\/wp-json\/wp\/v2\/pages"}],"about":[{"href":"https:\/\/meerhofdk.ee\/et\/wp-json\/wp\/v2\/types\/page"}],"author":[{"embeddable":true,"href":"https:\/\/meerhofdk.ee\/et\/wp-json\/wp\/v2\/users\/1"}],"replies":[{"embeddable":true,"href":"https:\/\/meerhofdk.ee\/et\/wp-json\/wp\/v2\/comments?post=3805"}],"version-history":[{"count":7,"href":"https:\/\/meerhofdk.ee\/et\/wp-json\/wp\/v2\/pages\/3805\/revisions"}],"predecessor-version":[{"id":5045,"href":"https:\/\/meerhofdk.ee\/et\/wp-json\/wp\/v2\/pages\/3805\/revisions\/5045"}],"wp:attachment":[{"href":"https:\/\/meerhofdk.ee\/et\/wp-json\/wp\/v2\/media?parent=3805"}],"curies":[{"name":"wp","href":"https:\/\/api.w.org\/{rel}","templated":true}]}}