{"id":3809,"date":"2020-07-09T15:43:21","date_gmt":"2020-07-09T15:43:21","guid":{"rendered":"https:\/\/meerhofdk.ee\/?page_id=3809"},"modified":"2020-07-24T11:22:24","modified_gmt":"2020-07-24T11:22:24","slug":"patsiendi-meelespea-parast-igemete-kuretaazi","status":"publish","type":"page","link":"https:\/\/meerhofdk.ee\/et\/patsiendi-meelespea-parast-igemete-kuretaazi\/","title":{"rendered":"Patsiendi meelespea p\u00e4rast igemete k\u00fcretaa\u017ei"},"content":{"rendered":"<div data-elementor-type=\"wp-page\" data-elementor-id=\"3809\" class=\"elementor elementor-3809\" data-elementor-settings=\"{&quot;ha_cmc_init_switcher&quot;:&quot;no&quot;}\" data-elementor-post-type=\"page\">\n\t\t\t\t\t\t<section class=\"elementor-section elementor-top-section elementor-element elementor-element-ad9bd66 elementor-section-boxed elementor-section-height-default elementor-section-height-default\" data-id=\"ad9bd66\" data-element_type=\"section\" data-e-type=\"section\" data-settings=\"{&quot;_ha_eqh_enable&quot;:false}\">\n\t\t\t\t\t\t<div class=\"elementor-container elementor-column-gap-default\">\n\t\t\t\t\t<div class=\"elementor-column elementor-col-50 elementor-top-column elementor-element elementor-element-2631fb8\" data-id=\"2631fb8\" data-element_type=\"column\" data-e-type=\"column\">\n\t\t\t<div class=\"elementor-widget-wrap elementor-element-populated\">\n\t\t\t\t\t\t<div class=\"elementor-element elementor-element-632b59d elementor-widget elementor-widget-image\" data-id=\"632b59d\" data-element_type=\"widget\" data-e-type=\"widget\" data-widget_type=\"image.default\">\n\t\t\t\t<div class=\"elementor-widget-container\">\n\t\t\t\t\t\t\t\t\t\t\t\t\t\t\t<img decoding=\"async\" width=\"150\" height=\"150\" src=\"https:\/\/meerhofdk.ee\/wp-content\/uploads\/2019\/04\/meerhof_dental_logotype_icon_gray-150x150.png\" class=\"attachment-thumbnail size-thumbnail wp-image-82\" alt=\"Meerhof Dental Center logo\" srcset=\"https:\/\/meerhofdk.ee\/wp-content\/uploads\/2019\/04\/meerhof_dental_logotype_icon_gray-150x150.png 150w, https:\/\/meerhofdk.ee\/wp-content\/uploads\/2019\/04\/meerhof_dental_logotype_icon_gray-300x300.png 300w, https:\/\/meerhofdk.ee\/wp-content\/uploads\/2019\/04\/meerhof_dental_logotype_icon_gray-768x768.png 768w, https:\/\/meerhofdk.ee\/wp-content\/uploads\/2019\/04\/meerhof_dental_logotype_icon_gray.png 1000w\" sizes=\"(max-width: 150px) 100vw, 150px\" title=\"\">\t\t\t\t\t\t\t\t\t\t\t\t\t\t\t<\/div>\n\t\t\t\t<\/div>\n\t\t\t\t\t<\/div>\n\t\t<\/div>\n\t\t\t\t<div class=\"elementor-column elementor-col-50 elementor-top-column elementor-element elementor-element-74abea6\" data-id=\"74abea6\" data-element_type=\"column\" data-e-type=\"column\">\n\t\t\t<div class=\"elementor-widget-wrap elementor-element-populated\">\n\t\t\t\t\t\t<div class=\"elementor-element elementor-element-c07cc5a elementor-nav-menu__align-end elementor-nav-menu--dropdown-none elementor-widget elementor-widget-nav-menu\" data-id=\"c07cc5a\" data-element_type=\"widget\" data-e-type=\"widget\" data-settings=\"{&quot;layout&quot;:&quot;horizontal&quot;,&quot;submenu_icon&quot;:{&quot;value&quot;:&quot;&lt;svg aria-hidden=\\&quot;true\\&quot; class=\\&quot;e-font-icon-svg e-fas-caret-down\\&quot; viewBox=\\&quot;0 0 320 512\\&quot; xmlns=\\&quot;http:\\\/\\\/www.w3.org\\\/2000\\\/svg\\&quot;&gt;&lt;path d=\\&quot;M31.3 192h257.3c17.8 0 26.7 21.5 14.1 34.1L174.1 354.8c-7.8 7.8-20.5 7.8-28.3 0L17.2 226.1C4.6 213.5 13.5 192 31.3 192z\\&quot;&gt;&lt;\\\/path&gt;&lt;\\\/svg&gt;&quot;,&quot;library&quot;:&quot;fa-solid&quot;}}\" data-widget_type=\"nav-menu.default\">\n\t\t\t\t<div class=\"elementor-widget-container\">\n\t\t\t\t\t\t\t\t<nav aria-label=\"Menu\" class=\"elementor-nav-menu--main elementor-nav-menu__container elementor-nav-menu--layout-horizontal e--pointer-underline e--animation-fade\">\n\t\t\t\t<ul id=\"menu-1-c07cc5a\" class=\"elementor-nav-menu\"><li class=\"trp-language-switcher-container menu-item menu-item-type-post_type menu-item-object-language_switcher menu-item-has-children current-language-menu-item menu-item-1663\"><a href=\"https:\/\/meerhofdk.ee\/et\/wp-json\/wp\/v2\/pages\/3809\" class=\"elementor-item elementor-item-anchor\"><span data-no-translation><img decoding=\"async\" class=\"trp-flag-image\" src=\"https:\/\/meerhofdk.ee\/wp-content\/plugins\/translatepress-multilingual\/assets\/images\/flags\/et.png\" width=\"18\" height=\"12\" alt=\"et\" title=\"Eesti\"><span class=\"trp-ls-language-name\">ET<\/span><\/span><\/a>\n<ul class=\"sub-menu elementor-nav-menu--dropdown\">\n\t<li class=\"trp-language-switcher-container menu-item menu-item-type-post_type menu-item-object-language_switcher current-language-menu-item menu-item-1665\"><a href=\"https:\/\/meerhofdk.ee\/et\/wp-json\/wp\/v2\/pages\/3809\" class=\"elementor-sub-item elementor-item-anchor\"><span data-no-translation><img decoding=\"async\" class=\"trp-flag-image\" src=\"https:\/\/meerhofdk.ee\/wp-content\/plugins\/translatepress-multilingual\/assets\/images\/flags\/ru_RU.png\" width=\"18\" height=\"12\" alt=\"ru_RU\" title=\"\u0420\u0443\u0441\u0441\u043a\u0438\u0439\"><span class=\"trp-ls-language-name\">RU<\/span><\/span><\/a><\/li>\n\t<li class=\"trp-language-switcher-container menu-item menu-item-type-post_type menu-item-object-language_switcher current-language-menu-item menu-item-1667\"><a href=\"https:\/\/meerhofdk.ee\/et\/wp-json\/wp\/v2\/pages\/3809\" class=\"elementor-sub-item elementor-item-anchor\"><span data-no-translation><img loading=\"lazy\" decoding=\"async\" class=\"trp-flag-image\" src=\"https:\/\/meerhofdk.ee\/wp-content\/plugins\/translatepress-multilingual\/assets\/images\/flags\/en_US.png\" width=\"18\" height=\"12\" alt=\"en_US\" title=\"English\"><span class=\"trp-ls-language-name\">EN<\/span><\/span><\/a><\/li>\n\t<li class=\"trp-language-switcher-container menu-item menu-item-type-post_type menu-item-object-language_switcher current-language-menu-item menu-item-1664\"><a href=\"https:\/\/meerhofdk.ee\/et\/wp-json\/wp\/v2\/pages\/3809\" class=\"elementor-sub-item elementor-item-anchor\"><span data-no-translation><img loading=\"lazy\" decoding=\"async\" class=\"trp-flag-image\" src=\"https:\/\/meerhofdk.ee\/wp-content\/plugins\/translatepress-multilingual\/assets\/images\/flags\/fi.png\" width=\"18\" height=\"12\" alt=\"fi\" title=\"Suomi\"><span class=\"trp-ls-language-name\">FI<\/span><\/span><\/a><\/li>\n<\/ul>\n<\/li>\n<\/ul>\t\t\t<\/nav>\n\t\t\t\t\t\t<nav class=\"elementor-nav-menu--dropdown elementor-nav-menu__container\" aria-hidden=\"true\">\n\t\t\t\t<ul id=\"menu-2-c07cc5a\" class=\"elementor-nav-menu\"><li class=\"trp-language-switcher-container menu-item menu-item-type-post_type menu-item-object-language_switcher menu-item-has-children current-language-menu-item menu-item-1663\"><a href=\"https:\/\/meerhofdk.ee\/et\/wp-json\/wp\/v2\/pages\/3809\" class=\"elementor-item elementor-item-anchor\" tabindex=\"-1\"><span data-no-translation><img decoding=\"async\" class=\"trp-flag-image\" src=\"https:\/\/meerhofdk.ee\/wp-content\/plugins\/translatepress-multilingual\/assets\/images\/flags\/et.png\" width=\"18\" height=\"12\" alt=\"et\" title=\"Eesti\"><span class=\"trp-ls-language-name\">ET<\/span><\/span><\/a>\n<ul class=\"sub-menu elementor-nav-menu--dropdown\">\n\t<li class=\"trp-language-switcher-container menu-item menu-item-type-post_type menu-item-object-language_switcher current-language-menu-item menu-item-1665\"><a href=\"https:\/\/meerhofdk.ee\/et\/wp-json\/wp\/v2\/pages\/3809\" class=\"elementor-sub-item elementor-item-anchor\" tabindex=\"-1\"><span data-no-translation><img decoding=\"async\" class=\"trp-flag-image\" src=\"https:\/\/meerhofdk.ee\/wp-content\/plugins\/translatepress-multilingual\/assets\/images\/flags\/ru_RU.png\" width=\"18\" height=\"12\" alt=\"ru_RU\" title=\"\u0420\u0443\u0441\u0441\u043a\u0438\u0439\"><span class=\"trp-ls-language-name\">RU<\/span><\/span><\/a><\/li>\n\t<li class=\"trp-language-switcher-container menu-item menu-item-type-post_type menu-item-object-language_switcher current-language-menu-item menu-item-1667\"><a href=\"https:\/\/meerhofdk.ee\/et\/wp-json\/wp\/v2\/pages\/3809\" class=\"elementor-sub-item elementor-item-anchor\" tabindex=\"-1\"><span data-no-translation><img loading=\"lazy\" decoding=\"async\" class=\"trp-flag-image\" src=\"https:\/\/meerhofdk.ee\/wp-content\/plugins\/translatepress-multilingual\/assets\/images\/flags\/en_US.png\" width=\"18\" height=\"12\" alt=\"en_US\" title=\"English\"><span class=\"trp-ls-language-name\">EN<\/span><\/span><\/a><\/li>\n\t<li class=\"trp-language-switcher-container menu-item menu-item-type-post_type menu-item-object-language_switcher current-language-menu-item menu-item-1664\"><a href=\"https:\/\/meerhofdk.ee\/et\/wp-json\/wp\/v2\/pages\/3809\" class=\"elementor-sub-item elementor-item-anchor\" tabindex=\"-1\"><span data-no-translation><img loading=\"lazy\" decoding=\"async\" class=\"trp-flag-image\" src=\"https:\/\/meerhofdk.ee\/wp-content\/plugins\/translatepress-multilingual\/assets\/images\/flags\/fi.png\" width=\"18\" height=\"12\" alt=\"fi\" title=\"Suomi\"><span class=\"trp-ls-language-name\">FI<\/span><\/span><\/a><\/li>\n<\/ul>\n<\/li>\n<\/ul>\t\t\t<\/nav>\n\t\t\t\t\t\t<\/div>\n\t\t\t\t<\/div>\n\t\t\t\t\t<\/div>\n\t\t<\/div>\n\t\t\t\t\t<\/div>\n\t\t<\/section>\n\t\t\t\t<section class=\"elementor-section elementor-top-section elementor-element elementor-element-22b7aaf0 elementor-section-boxed elementor-section-height-default elementor-section-height-default\" data-id=\"22b7aaf0\" data-element_type=\"section\" data-e-type=\"section\" data-settings=\"{&quot;_ha_eqh_enable&quot;:false}\">\n\t\t\t\t\t\t<div class=\"elementor-container elementor-column-gap-default\">\n\t\t\t\t\t<div class=\"elementor-column elementor-col-66 elementor-top-column elementor-element elementor-element-75e0146a\" data-id=\"75e0146a\" data-element_type=\"column\" data-e-type=\"column\">\n\t\t\t<div class=\"elementor-widget-wrap elementor-element-populated\">\n\t\t\t\t\t\t<div class=\"elementor-element elementor-element-67200228 elementor-widget elementor-widget-heading\" data-id=\"67200228\" data-element_type=\"widget\" data-e-type=\"widget\" data-widget_type=\"heading.default\">\n\t\t\t\t<div class=\"elementor-widget-container\">\n\t\t\t\t\t<h1 class=\"elementor-heading-title elementor-size-default\">Patsiendi meelespea p\u00e4rast igemete k\u00fcretaa\u017ei<\/h1>\t\t\t\t<\/div>\n\t\t\t\t<\/div>\n\t\t\t\t<div class=\"elementor-element elementor-element-4ad858b4 elementor-widget elementor-widget-text-editor\" data-id=\"4ad858b4\" data-element_type=\"widget\" data-e-type=\"widget\" data-widget_type=\"text-editor.default\">\n\t\t\t\t<div class=\"elementor-widget-container\">\n\t\t\t\t\t\t\t\t\t<p>Kinnine k\u00fcretaa\u017e tehakse igemeid lahti l\u00f5ikamata ja on m\u00f5eldud parodontaaltaskute sisu ja tahkete ladestuste eemaldamiseks hambajuure pinnalt, mis viiakse l\u00e4bi kerge ja keskmise raskusega parodontiidi korral, kui parodontaaltaskute s\u00fcgavus ei \u00fcleta 5 mm.<\/p><p>Protseduur toimud kohaliku tuimastusega, kasutades kas ultraheli- v\u00f5i k\u00e4siinstrumente. 3-4 kuu m\u00f6\u00f6dudes m\u00f5\u00f5dab stomatoloog uuesti igemetaskute s\u00fcgavust, mis v\u00f5ivad olla kas t\u00e4iesti kadunud v\u00f5i v\u00e4iksemaks muutunud.<\/p><p>Parodontaaltaskute puhul, mille s\u00fcgavus on \u00fcle 5 mm, tehakse avatud (kirurgiline) k\u00fcretaa\u017e, kasutades h\u00e4vinud luu ja hamba sidemete taastamiseks Emdogaini ja \/v\u00f5i luuasendusmaterjali.<\/p><p>Paranemisprotsessi mugavamaks muutmiseks soovitame tungivalt kinni pidada j\u00e4rgmistest ettekirjutustest:<\/p><ul><li>Esimest korda on lubatud s\u00fc\u00fca 2 tundi p\u00e4rast protseduuri. Esimestel 1- 2 p\u00e4eval peab toit olema pehme, toatemperatuuril, mitte soolane, mitte terav, mitte kibe ega tohi \u00e4rritada suu limaskesta.<\/li><li>14 p\u00e4eva v\u00e4ltel p\u00e4rast operatsiooni ei tohi hambaid pesta ja energiliselt suud loputada, teha tohib ainult kloorheksidiini lahusega suuvanne.<\/li><li>Esimestel 5-10 p\u00e4eval p\u00e4rast operatsiooni v\u00f5ib esineda ebamugavusi selliste ilmingute n\u00e4ol nagu tursed ja verevalumid, v\u00f5imatus suud laialt avada, valulikkus, hammaste ajutine liikuvus ning \u00fclitundlikkus temperatuuri ja toiduhapete suhtes.<\/li><li>Kogu taastumisperioodi v\u00e4ltel (eriti 2 n\u00e4dala jooksul p\u00e4rast \u00f5mbluste eemaldamist) tuleb hambaid pesta \u00e4\u00e4rmiselt ettevaatlikult: kasutada pehmet hambaharja, igemeid h\u00f5\u00f5ruda \u00f5rnade p\u00fchkivate liigutustega. Seda h\u00fcgieeniprotseduuri ei tohi mingil juhul eirata!<\/li><li>Taastumise ajal tuleb loobuda suitsetamisest, huuletubakast ja alkoholist.<\/li><li>Taastumist kiirendada ja ebamugavust v\u00e4hendada aitab \u00f5rn loputamine (30 sekundit v\u00e4ltavad suuvannid) kloorheksidiini lahusega. Vajaduse korral teeb arst t\u00e4iendavaid ettekirjutusi, l\u00e4htudes patsiendi seisundist ja vajadustest.<\/li><li>P\u00e4rast anesteesia toime l\u00f5ppemist v\u00f5ib tekkida pakitsev valu, mis v\u00f5ib kesta mitu \u00f6\u00f6p\u00e4eva. Sellel perioodil soovitame:<ul><li>piirata n\u00e4rimiskoormust;<\/li><li>vajaduse korral v\u00f5tta arsti soovitatud valuvaigisteid;<\/li><li>kui valu tugevneb, tekib turse ja\/v\u00f5i palavik, p\u00f6\u00f6rduda otsekohe raviarsti poole.<\/li><\/ul><\/li><\/ul><p><br \/>3-6 kuu p\u00e4rast (aja m\u00e4\u00e4rab arst) tuleb ravi t\u00f5hususe kinnitamiseks v\u00f5i edasiste protseduuride vajaduse kindlakstegemiseks l\u00e4bi viia kordusl\u00e4bivaatus.<\/p>\t\t\t\t\t\t\t\t<\/div>\n\t\t\t\t<\/div>\n\t\t\t\t\t<\/div>\n\t\t<\/div>\n\t\t\t\t<div class=\"elementor-column elementor-col-33 elementor-top-column elementor-element elementor-element-713e9344\" data-id=\"713e9344\" data-element_type=\"column\" data-e-type=\"column\">\n\t\t\t<div class=\"elementor-widget-wrap elementor-element-populated\">\n\t\t\t\t\t\t<div class=\"elementor-element elementor-element-01a59b6 elementor-nav-menu--dropdown-none elementor-widget elementor-widget-nav-menu\" data-id=\"01a59b6\" data-element_type=\"widget\" data-e-type=\"widget\" data-settings=\"{&quot;layout&quot;:&quot;vertical&quot;,&quot;submenu_icon&quot;:{&quot;value&quot;:&quot;&lt;svg aria-hidden=\\&quot;true\\&quot; class=\\&quot;e-font-icon-svg e-fas-caret-down\\&quot; viewBox=\\&quot;0 0 320 512\\&quot; xmlns=\\&quot;http:\\\/\\\/www.w3.org\\\/2000\\\/svg\\&quot;&gt;&lt;path d=\\&quot;M31.3 192h257.3c17.8 0 26.7 21.5 14.1 34.1L174.1 354.8c-7.8 7.8-20.5 7.8-28.3 0L17.2 226.1C4.6 213.5 13.5 192 31.3 192z\\&quot;&gt;&lt;\\\/path&gt;&lt;\\\/svg&gt;&quot;,&quot;library&quot;:&quot;fa-solid&quot;}}\" data-widget_type=\"nav-menu.default\">\n\t\t\t\t<div class=\"elementor-widget-container\">\n\t\t\t\t\t\t\t\t<nav aria-label=\"Menu\" class=\"elementor-nav-menu--main elementor-nav-menu__container elementor-nav-menu--layout-vertical e--pointer-background e--animation-sweep-down\">\n\t\t\t\t<ul id=\"menu-1-01a59b6\" class=\"elementor-nav-menu sm-vertical\"><li class=\"menu-item menu-item-type-post_type menu-item-object-page menu-item-3841\"><a href=\"https:\/\/meerhofdk.ee\/et\/patsiendi-meelespea-parast-kaariese-ravi\/\" class=\"elementor-item\">Patsiendi meelespea p\u00e4rast kaariese ravi<\/a><\/li>\n<li class=\"menu-item menu-item-type-post_type menu-item-object-page menu-item-3842\"><a href=\"https:\/\/meerhofdk.ee\/et\/fikseeritud-proteesi-kasutava-patsiendi-meelespea\/\" class=\"elementor-item\">Fixed dental prostheses memo<\/a><\/li>\n<li class=\"menu-item menu-item-type-post_type menu-item-object-page menu-item-3843\"><a href=\"https:\/\/meerhofdk.ee\/et\/patsiendi-meelespea-parast-poskkoopapohja-tostmise-operatsiooni\/\" class=\"elementor-item\">Patsiendi meelespea p\u00e4rast p\u00f5skkoopap\u00f5hja t\u00f5stmise operatsiooni<\/a><\/li>\n<li class=\"menu-item menu-item-type-post_type menu-item-object-page menu-item-3844\"><a href=\"https:\/\/meerhofdk.ee\/et\/patsiendi-meelespea-parast-hammaste-tootlemist-ortopeediliste-konstruktsioonide-jaoks\/\" class=\"elementor-item\">Patsiendi meelespea p\u00e4rast hammaste t\u00f6\u00f6tlemist ortopeediliste konstruktioonide jaoks<\/a><\/li>\n<li class=\"menu-item menu-item-type-post_type menu-item-object-page menu-item-3845\"><a href=\"https:\/\/meerhofdk.ee\/et\/patsiendi-meelespea-parast-igemete-kuretaazi\/\" class=\"elementor-item\">Patsiendi meelespea p\u00e4rast igemete k\u00fcretaa\u017ei<\/a><\/li>\n<li class=\"menu-item menu-item-type-post_type menu-item-object-page menu-item-3846\"><a href=\"https:\/\/meerhofdk.ee\/et\/patsiendi-meelespea-parast-hammaste-valgendamist\/\" class=\"elementor-item\">Patsiendi meelespea p\u00e4rast hammaste valgendamist<\/a><\/li>\n<li class=\"menu-item menu-item-type-post_type menu-item-object-page menu-item-3847\"><a href=\"https:\/\/meerhofdk.ee\/et\/meelespea-juureravi-saanud-patsientidele\/\" class=\"elementor-item\">Meelespea juureravi saanud patsientidele<\/a><\/li>\n<li class=\"menu-item menu-item-type-post_type menu-item-object-page menu-item-3848\"><a href=\"https:\/\/meerhofdk.ee\/et\/patsiendi-meelespea-parast-hamba-eemaldamist\/\" class=\"elementor-item\">Patsiendi meelespea p\u00e4rast hamba eemaldamist<\/a><\/li>\n<li class=\"menu-item menu-item-type-post_type menu-item-object-page menu-item-3849\"><a href=\"https:\/\/meerhofdk.ee\/et\/hugieeni-memo\/\" class=\"elementor-item\">Arsti soovitused peale professionaalset suu\u00f5\u00f5ne h\u00fcgieeni<\/a><\/li>\n<li class=\"menu-item menu-item-type-post_type menu-item-object-page menu-item-3850\"><a href=\"https:\/\/meerhofdk.ee\/et\/kirurgia-memo\/\" class=\"elementor-item\">Kirurgia memo<\/a><\/li>\n<\/ul>\t\t\t<\/nav>\n\t\t\t\t\t\t<nav class=\"elementor-nav-menu--dropdown elementor-nav-menu__container\" aria-hidden=\"true\">\n\t\t\t\t<ul id=\"menu-2-01a59b6\" class=\"elementor-nav-menu sm-vertical\"><li class=\"menu-item menu-item-type-post_type menu-item-object-page menu-item-3841\"><a href=\"https:\/\/meerhofdk.ee\/et\/patsiendi-meelespea-parast-kaariese-ravi\/\" class=\"elementor-item\" tabindex=\"-1\">Patsiendi meelespea p\u00e4rast kaariese ravi<\/a><\/li>\n<li class=\"menu-item menu-item-type-post_type menu-item-object-page menu-item-3842\"><a href=\"https:\/\/meerhofdk.ee\/et\/fikseeritud-proteesi-kasutava-patsiendi-meelespea\/\" class=\"elementor-item\" tabindex=\"-1\">Fixed dental prostheses memo<\/a><\/li>\n<li class=\"menu-item menu-item-type-post_type menu-item-object-page menu-item-3843\"><a href=\"https:\/\/meerhofdk.ee\/et\/patsiendi-meelespea-parast-poskkoopapohja-tostmise-operatsiooni\/\" class=\"elementor-item\" tabindex=\"-1\">Patsiendi meelespea p\u00e4rast p\u00f5skkoopap\u00f5hja t\u00f5stmise operatsiooni<\/a><\/li>\n<li class=\"menu-item menu-item-type-post_type menu-item-object-page menu-item-3844\"><a href=\"https:\/\/meerhofdk.ee\/et\/patsiendi-meelespea-parast-hammaste-tootlemist-ortopeediliste-konstruktsioonide-jaoks\/\" class=\"elementor-item\" tabindex=\"-1\">Patsiendi meelespea p\u00e4rast hammaste t\u00f6\u00f6tlemist ortopeediliste konstruktioonide jaoks<\/a><\/li>\n<li class=\"menu-item menu-item-type-post_type menu-item-object-page menu-item-3845\"><a href=\"https:\/\/meerhofdk.ee\/et\/patsiendi-meelespea-parast-igemete-kuretaazi\/\" class=\"elementor-item\" tabindex=\"-1\">Patsiendi meelespea p\u00e4rast igemete k\u00fcretaa\u017ei<\/a><\/li>\n<li class=\"menu-item menu-item-type-post_type menu-item-object-page menu-item-3846\"><a href=\"https:\/\/meerhofdk.ee\/et\/patsiendi-meelespea-parast-hammaste-valgendamist\/\" class=\"elementor-item\" tabindex=\"-1\">Patsiendi meelespea p\u00e4rast hammaste valgendamist<\/a><\/li>\n<li class=\"menu-item menu-item-type-post_type menu-item-object-page menu-item-3847\"><a href=\"https:\/\/meerhofdk.ee\/et\/meelespea-juureravi-saanud-patsientidele\/\" class=\"elementor-item\" tabindex=\"-1\">Meelespea juureravi saanud patsientidele<\/a><\/li>\n<li class=\"menu-item menu-item-type-post_type menu-item-object-page menu-item-3848\"><a href=\"https:\/\/meerhofdk.ee\/et\/patsiendi-meelespea-parast-hamba-eemaldamist\/\" class=\"elementor-item\" tabindex=\"-1\">Patsiendi meelespea p\u00e4rast hamba eemaldamist<\/a><\/li>\n<li class=\"menu-item menu-item-type-post_type menu-item-object-page menu-item-3849\"><a href=\"https:\/\/meerhofdk.ee\/et\/hugieeni-memo\/\" class=\"elementor-item\" tabindex=\"-1\">Arsti soovitused peale professionaalset suu\u00f5\u00f5ne h\u00fcgieeni<\/a><\/li>\n<li class=\"menu-item menu-item-type-post_type menu-item-object-page menu-item-3850\"><a href=\"https:\/\/meerhofdk.ee\/et\/kirurgia-memo\/\" class=\"elementor-item\" tabindex=\"-1\">Kirurgia memo<\/a><\/li>\n<\/ul>\t\t\t<\/nav>\n\t\t\t\t\t\t<\/div>\n\t\t\t\t<\/div>\n\t\t\t\t\t<\/div>\n\t\t<\/div>\n\t\t\t\t\t<\/div>\n\t\t<\/section>\n\t\t\t\t<\/div>","protected":false},"excerpt":{"rendered":"<p>GUM CURETTAGE MEMO Closed curettage is performed without the incision of the gum and is meant to clean periodontal pockets and remove calculus buildup from the root\u2019s surface. The procedure is suitable for periodontitis of mild and medium severity with the periodontal pockets no deeper than 5mm. The procedure is performed under local anesthesia using [&hellip;]<\/p>\n","protected":false},"author":1,"featured_media":0,"parent":0,"menu_order":0,"comment_status":"closed","ping_status":"closed","template":"elementor_header_footer","meta":{"footnotes":""},"class_list":["post-3809","page","type-page","status-publish","hentry"],"_links":{"self":[{"href":"https:\/\/meerhofdk.ee\/et\/wp-json\/wp\/v2\/pages\/3809","targetHints":{"allow":["GET"]}}],"collection":[{"href":"https:\/\/meerhofdk.ee\/et\/wp-json\/wp\/v2\/pages"}],"about":[{"href":"https:\/\/meerhofdk.ee\/et\/wp-json\/wp\/v2\/types\/page"}],"author":[{"embeddable":true,"href":"https:\/\/meerhofdk.ee\/et\/wp-json\/wp\/v2\/users\/1"}],"replies":[{"embeddable":true,"href":"https:\/\/meerhofdk.ee\/et\/wp-json\/wp\/v2\/comments?post=3809"}],"version-history":[{"count":7,"href":"https:\/\/meerhofdk.ee\/et\/wp-json\/wp\/v2\/pages\/3809\/revisions"}],"predecessor-version":[{"id":3934,"href":"https:\/\/meerhofdk.ee\/et\/wp-json\/wp\/v2\/pages\/3809\/revisions\/3934"}],"wp:attachment":[{"href":"https:\/\/meerhofdk.ee\/et\/wp-json\/wp\/v2\/media?parent=3809"}],"curies":[{"name":"wp","href":"https:\/\/api.w.org\/{rel}","templated":true}]}}