{"id":3824,"date":"2020-07-09T16:24:25","date_gmt":"2020-07-09T16:24:25","guid":{"rendered":"https:\/\/meerhofdk.ee\/?page_id=3824"},"modified":"2020-07-24T10:49:51","modified_gmt":"2020-07-24T10:49:51","slug":"fikseeritud-proteesi-kasutava-patsiendi-meelespea","status":"publish","type":"page","link":"https:\/\/meerhofdk.ee\/et\/fikseeritud-proteesi-kasutava-patsiendi-meelespea\/","title":{"rendered":"Fixed dental prostheses memo"},"content":{"rendered":"<div data-elementor-type=\"wp-page\" data-elementor-id=\"3824\" class=\"elementor elementor-3824\" data-elementor-settings=\"{&quot;ha_cmc_init_switcher&quot;:&quot;no&quot;}\" data-elementor-post-type=\"page\">\n\t\t\t\t\t\t<section class=\"elementor-section elementor-top-section elementor-element elementor-element-1582494 elementor-section-boxed elementor-section-height-default elementor-section-height-default\" data-id=\"1582494\" data-element_type=\"section\" data-e-type=\"section\" data-settings=\"{&quot;_ha_eqh_enable&quot;:false}\">\n\t\t\t\t\t\t<div class=\"elementor-container elementor-column-gap-default\">\n\t\t\t\t\t<div class=\"elementor-column elementor-col-50 elementor-top-column elementor-element elementor-element-6eac310\" data-id=\"6eac310\" data-element_type=\"column\" data-e-type=\"column\">\n\t\t\t<div class=\"elementor-widget-wrap elementor-element-populated\">\n\t\t\t\t\t\t<div class=\"elementor-element elementor-element-b639499 elementor-widget elementor-widget-image\" data-id=\"b639499\" data-element_type=\"widget\" data-e-type=\"widget\" data-widget_type=\"image.default\">\n\t\t\t\t<div class=\"elementor-widget-container\">\n\t\t\t\t\t\t\t\t\t\t\t\t\t\t\t<img decoding=\"async\" width=\"150\" height=\"150\" src=\"https:\/\/meerhofdk.ee\/wp-content\/uploads\/2019\/04\/meerhof_dental_logotype_icon_gray-150x150.png\" class=\"attachment-thumbnail size-thumbnail wp-image-82\" alt=\"Meerhof Dental Center logo\" srcset=\"https:\/\/meerhofdk.ee\/wp-content\/uploads\/2019\/04\/meerhof_dental_logotype_icon_gray-150x150.png 150w, https:\/\/meerhofdk.ee\/wp-content\/uploads\/2019\/04\/meerhof_dental_logotype_icon_gray-300x300.png 300w, https:\/\/meerhofdk.ee\/wp-content\/uploads\/2019\/04\/meerhof_dental_logotype_icon_gray-768x768.png 768w, https:\/\/meerhofdk.ee\/wp-content\/uploads\/2019\/04\/meerhof_dental_logotype_icon_gray.png 1000w\" sizes=\"(max-width: 150px) 100vw, 150px\" title=\"\">\t\t\t\t\t\t\t\t\t\t\t\t\t\t\t<\/div>\n\t\t\t\t<\/div>\n\t\t\t\t\t<\/div>\n\t\t<\/div>\n\t\t\t\t<div class=\"elementor-column elementor-col-50 elementor-top-column elementor-element elementor-element-706c9b5\" data-id=\"706c9b5\" data-element_type=\"column\" data-e-type=\"column\">\n\t\t\t<div class=\"elementor-widget-wrap elementor-element-populated\">\n\t\t\t\t\t\t<div class=\"elementor-element elementor-element-d419de2 elementor-nav-menu__align-end elementor-nav-menu--dropdown-none elementor-widget elementor-widget-nav-menu\" data-id=\"d419de2\" data-element_type=\"widget\" data-e-type=\"widget\" data-settings=\"{&quot;layout&quot;:&quot;horizontal&quot;,&quot;submenu_icon&quot;:{&quot;value&quot;:&quot;&lt;svg aria-hidden=\\&quot;true\\&quot; class=\\&quot;e-font-icon-svg e-fas-caret-down\\&quot; viewBox=\\&quot;0 0 320 512\\&quot; xmlns=\\&quot;http:\\\/\\\/www.w3.org\\\/2000\\\/svg\\&quot;&gt;&lt;path d=\\&quot;M31.3 192h257.3c17.8 0 26.7 21.5 14.1 34.1L174.1 354.8c-7.8 7.8-20.5 7.8-28.3 0L17.2 226.1C4.6 213.5 13.5 192 31.3 192z\\&quot;&gt;&lt;\\\/path&gt;&lt;\\\/svg&gt;&quot;,&quot;library&quot;:&quot;fa-solid&quot;}}\" data-widget_type=\"nav-menu.default\">\n\t\t\t\t<div class=\"elementor-widget-container\">\n\t\t\t\t\t\t\t\t<nav aria-label=\"Menu\" class=\"elementor-nav-menu--main elementor-nav-menu__container elementor-nav-menu--layout-horizontal e--pointer-underline e--animation-fade\">\n\t\t\t\t<ul id=\"menu-1-d419de2\" class=\"elementor-nav-menu\"><li class=\"trp-language-switcher-container menu-item menu-item-type-post_type menu-item-object-language_switcher menu-item-has-children current-language-menu-item menu-item-1663\"><a href=\"https:\/\/meerhofdk.ee\/et\/wp-json\/wp\/v2\/pages\/3824\" class=\"elementor-item elementor-item-anchor\"><span data-no-translation><img decoding=\"async\" class=\"trp-flag-image\" src=\"https:\/\/meerhofdk.ee\/wp-content\/plugins\/translatepress-multilingual\/assets\/images\/flags\/et.png\" width=\"18\" height=\"12\" alt=\"et\" title=\"Eesti\"><span class=\"trp-ls-language-name\">ET<\/span><\/span><\/a>\n<ul class=\"sub-menu elementor-nav-menu--dropdown\">\n\t<li class=\"trp-language-switcher-container menu-item menu-item-type-post_type menu-item-object-language_switcher current-language-menu-item menu-item-1665\"><a href=\"https:\/\/meerhofdk.ee\/et\/wp-json\/wp\/v2\/pages\/3824\" class=\"elementor-sub-item elementor-item-anchor\"><span data-no-translation><img decoding=\"async\" class=\"trp-flag-image\" src=\"https:\/\/meerhofdk.ee\/wp-content\/plugins\/translatepress-multilingual\/assets\/images\/flags\/ru_RU.png\" width=\"18\" height=\"12\" alt=\"ru_RU\" title=\"\u0420\u0443\u0441\u0441\u043a\u0438\u0439\"><span class=\"trp-ls-language-name\">RU<\/span><\/span><\/a><\/li>\n\t<li class=\"trp-language-switcher-container menu-item menu-item-type-post_type menu-item-object-language_switcher current-language-menu-item menu-item-1667\"><a href=\"https:\/\/meerhofdk.ee\/et\/wp-json\/wp\/v2\/pages\/3824\" class=\"elementor-sub-item elementor-item-anchor\"><span data-no-translation><img loading=\"lazy\" decoding=\"async\" class=\"trp-flag-image\" src=\"https:\/\/meerhofdk.ee\/wp-content\/plugins\/translatepress-multilingual\/assets\/images\/flags\/en_US.png\" width=\"18\" height=\"12\" alt=\"en_US\" title=\"English\"><span class=\"trp-ls-language-name\">EN<\/span><\/span><\/a><\/li>\n\t<li class=\"trp-language-switcher-container menu-item menu-item-type-post_type menu-item-object-language_switcher current-language-menu-item menu-item-1664\"><a href=\"https:\/\/meerhofdk.ee\/et\/wp-json\/wp\/v2\/pages\/3824\" class=\"elementor-sub-item elementor-item-anchor\"><span data-no-translation><img loading=\"lazy\" decoding=\"async\" class=\"trp-flag-image\" src=\"https:\/\/meerhofdk.ee\/wp-content\/plugins\/translatepress-multilingual\/assets\/images\/flags\/fi.png\" width=\"18\" height=\"12\" alt=\"fi\" title=\"Suomi\"><span class=\"trp-ls-language-name\">FI<\/span><\/span><\/a><\/li>\n<\/ul>\n<\/li>\n<\/ul>\t\t\t<\/nav>\n\t\t\t\t\t\t<nav class=\"elementor-nav-menu--dropdown elementor-nav-menu__container\" aria-hidden=\"true\">\n\t\t\t\t<ul id=\"menu-2-d419de2\" class=\"elementor-nav-menu\"><li class=\"trp-language-switcher-container menu-item menu-item-type-post_type menu-item-object-language_switcher menu-item-has-children current-language-menu-item menu-item-1663\"><a href=\"https:\/\/meerhofdk.ee\/et\/wp-json\/wp\/v2\/pages\/3824\" class=\"elementor-item elementor-item-anchor\" tabindex=\"-1\"><span data-no-translation><img decoding=\"async\" class=\"trp-flag-image\" src=\"https:\/\/meerhofdk.ee\/wp-content\/plugins\/translatepress-multilingual\/assets\/images\/flags\/et.png\" width=\"18\" height=\"12\" alt=\"et\" title=\"Eesti\"><span class=\"trp-ls-language-name\">ET<\/span><\/span><\/a>\n<ul class=\"sub-menu elementor-nav-menu--dropdown\">\n\t<li class=\"trp-language-switcher-container menu-item menu-item-type-post_type menu-item-object-language_switcher current-language-menu-item menu-item-1665\"><a href=\"https:\/\/meerhofdk.ee\/et\/wp-json\/wp\/v2\/pages\/3824\" class=\"elementor-sub-item elementor-item-anchor\" tabindex=\"-1\"><span data-no-translation><img decoding=\"async\" class=\"trp-flag-image\" src=\"https:\/\/meerhofdk.ee\/wp-content\/plugins\/translatepress-multilingual\/assets\/images\/flags\/ru_RU.png\" width=\"18\" height=\"12\" alt=\"ru_RU\" title=\"\u0420\u0443\u0441\u0441\u043a\u0438\u0439\"><span class=\"trp-ls-language-name\">RU<\/span><\/span><\/a><\/li>\n\t<li class=\"trp-language-switcher-container menu-item menu-item-type-post_type menu-item-object-language_switcher current-language-menu-item menu-item-1667\"><a href=\"https:\/\/meerhofdk.ee\/et\/wp-json\/wp\/v2\/pages\/3824\" class=\"elementor-sub-item elementor-item-anchor\" tabindex=\"-1\"><span data-no-translation><img loading=\"lazy\" decoding=\"async\" class=\"trp-flag-image\" src=\"https:\/\/meerhofdk.ee\/wp-content\/plugins\/translatepress-multilingual\/assets\/images\/flags\/en_US.png\" width=\"18\" height=\"12\" alt=\"en_US\" title=\"English\"><span class=\"trp-ls-language-name\">EN<\/span><\/span><\/a><\/li>\n\t<li class=\"trp-language-switcher-container menu-item menu-item-type-post_type menu-item-object-language_switcher current-language-menu-item menu-item-1664\"><a href=\"https:\/\/meerhofdk.ee\/et\/wp-json\/wp\/v2\/pages\/3824\" class=\"elementor-sub-item elementor-item-anchor\" tabindex=\"-1\"><span data-no-translation><img loading=\"lazy\" decoding=\"async\" class=\"trp-flag-image\" src=\"https:\/\/meerhofdk.ee\/wp-content\/plugins\/translatepress-multilingual\/assets\/images\/flags\/fi.png\" width=\"18\" height=\"12\" alt=\"fi\" title=\"Suomi\"><span class=\"trp-ls-language-name\">FI<\/span><\/span><\/a><\/li>\n<\/ul>\n<\/li>\n<\/ul>\t\t\t<\/nav>\n\t\t\t\t\t\t<\/div>\n\t\t\t\t<\/div>\n\t\t\t\t\t<\/div>\n\t\t<\/div>\n\t\t\t\t\t<\/div>\n\t\t<\/section>\n\t\t\t\t<section class=\"elementor-section elementor-top-section elementor-element elementor-element-7c706eed elementor-section-boxed elementor-section-height-default elementor-section-height-default\" data-id=\"7c706eed\" data-element_type=\"section\" data-e-type=\"section\" data-settings=\"{&quot;_ha_eqh_enable&quot;:false}\">\n\t\t\t\t\t\t<div class=\"elementor-container elementor-column-gap-default\">\n\t\t\t\t\t<div class=\"elementor-column elementor-col-66 elementor-top-column elementor-element elementor-element-182200b5\" data-id=\"182200b5\" data-element_type=\"column\" data-e-type=\"column\">\n\t\t\t<div class=\"elementor-widget-wrap elementor-element-populated\">\n\t\t\t\t\t\t<div class=\"elementor-element elementor-element-2ebf8c71 elementor-widget elementor-widget-heading\" data-id=\"2ebf8c71\" data-element_type=\"widget\" data-e-type=\"widget\" data-widget_type=\"heading.default\">\n\t\t\t\t<div class=\"elementor-widget-container\">\n\t\t\t\t\t<h1 class=\"elementor-heading-title elementor-size-default\">FIKSEERITUD PROTEESI KASUTAVA PATSIENDI MEELESPEA\n<\/h1>\t\t\t\t<\/div>\n\t\t\t\t<\/div>\n\t\t\t\t<div class=\"elementor-element elementor-element-36eb90cd elementor-widget elementor-widget-text-editor\" data-id=\"36eb90cd\" data-element_type=\"widget\" data-e-type=\"widget\" data-widget_type=\"text-editor.default\">\n\t\t\t\t<div class=\"elementor-widget-container\">\n\t\t\t\t\t\t\t\t\t<p>Te olete saanud suhu fikseeritud ehk mitte-eemaldatavad proteesid: tehiskroonid, implantaatidele asetatud kroonid, laminaadid, keraamilised t\u00e4idised v\u00f5i sildproteesid.<\/p><p>Lugege neid juhiseid hoolikalt. Nende j\u00e4rgimine v\u00e4hendab ebamugavustunnet, aga ka t\u00fcsistuste t\u00f5en\u00e4osust.<\/p><ul><li>Iga hambaprotees muudab suu\u00f5\u00f5ne mahtu, alguses piirab see keele liikumist ja tekitab kohmakust, kuid v\u00e4ga l\u00fchikese aja m\u00f6\u00f6dudes te ei m\u00e4rkagi, et teil protees suus on.<\/li><li>Proteesiga harjumise ajal s\u00f6\u00f6ge suhteliselt pehmeid toite (leib, pehmed puu- ja k\u00f6\u00f6giviljad, keedetud liha jne). V\u00e4ltige k\u00f5va toitu! Ja eriti k\u00f5vu toiduaineid nagu p\u00e4hklid, suhkur, kuivikud, porgandid jne ei tohi n\u00e4rida, et v\u00e4ltida kahjustusi, proteesi kinnistumist ja keraamilise t\u00e4idise purunemist.<\/li><li>Venivate toiduainete (iiris, vahukomm) s\u00f6\u00f6mine ja n\u00e4rimiskummi kasutamine v\u00f5ib p\u00f5hjustada proteeside lahtituleku tsemendi k\u00fcljest nii ajutise kui ka p\u00fcsiva fikseerimise juures!<\/li><li>Hambaproteese tuleb pesta hambaharja ja -pastaga samamoodi nagu enda terveid hambaid kaks korda p\u00e4evas. P\u00e4rast s\u00f6\u00f6mist tuleb suu loputada toiduj\u00e4\u00e4tmete eemaldamiseks. Hambavahe veepritsi kasutamine pikendab proteesi eluiga m\u00e4rkimisv\u00e4\u00e4rselt. Kui harjamise ajal tekib veritsus, \u00e4rge l\u00f5petage h\u00fcgieeniprotseduure. Kui verejooks ei kao 3-4 p\u00e4eva jooksul, peate p\u00f6\u00f6rduma kliinikusse.<\/li><li>Kui ilmnevad ebameeldivad s\u00fcmptomid, p\u00f6\u00f6rduge stomatoloogilise ortopeedi poole.<\/li><li>K\u00fclastage kindlasti stomatoloogilist ortopeedi 2 korda aastas j\u00e4relkontrolliks ja hambumuse kontrolliks.<\/li><\/ul><p>Ortopeediliste struktuuride vastupidavus s\u00f5ltub otseselt k\u00e4esolevate soovituste rakendamisest ja hoolikast suuh\u00fcgieenist.<\/p><p>Hambaarsti regulaarsed (v\u00e4hemalt kord poolaastas) l\u00e4bivaatused v\u00f5ivad v\u00e4hendada komplikatsioonide riski ja v\u00e4ltida stomatoloogiliste haiguste teket.<\/p>\t\t\t\t\t\t\t\t<\/div>\n\t\t\t\t<\/div>\n\t\t\t\t\t<\/div>\n\t\t<\/div>\n\t\t\t\t<div class=\"elementor-column elementor-col-33 elementor-top-column elementor-element elementor-element-5cf7854a\" data-id=\"5cf7854a\" data-element_type=\"column\" data-e-type=\"column\">\n\t\t\t<div class=\"elementor-widget-wrap elementor-element-populated\">\n\t\t\t\t\t\t<div class=\"elementor-element elementor-element-30435af elementor-nav-menu--dropdown-none elementor-widget elementor-widget-nav-menu\" data-id=\"30435af\" data-element_type=\"widget\" data-e-type=\"widget\" data-settings=\"{&quot;layout&quot;:&quot;vertical&quot;,&quot;submenu_icon&quot;:{&quot;value&quot;:&quot;&lt;svg aria-hidden=\\&quot;true\\&quot; class=\\&quot;e-font-icon-svg e-fas-caret-down\\&quot; viewBox=\\&quot;0 0 320 512\\&quot; xmlns=\\&quot;http:\\\/\\\/www.w3.org\\\/2000\\\/svg\\&quot;&gt;&lt;path d=\\&quot;M31.3 192h257.3c17.8 0 26.7 21.5 14.1 34.1L174.1 354.8c-7.8 7.8-20.5 7.8-28.3 0L17.2 226.1C4.6 213.5 13.5 192 31.3 192z\\&quot;&gt;&lt;\\\/path&gt;&lt;\\\/svg&gt;&quot;,&quot;library&quot;:&quot;fa-solid&quot;}}\" data-widget_type=\"nav-menu.default\">\n\t\t\t\t<div class=\"elementor-widget-container\">\n\t\t\t\t\t\t\t\t<nav aria-label=\"Menu\" class=\"elementor-nav-menu--main elementor-nav-menu__container elementor-nav-menu--layout-vertical e--pointer-background e--animation-sweep-down\">\n\t\t\t\t<ul id=\"menu-1-30435af\" class=\"elementor-nav-menu sm-vertical\"><li class=\"menu-item menu-item-type-post_type menu-item-object-page menu-item-3841\"><a href=\"https:\/\/meerhofdk.ee\/et\/patsiendi-meelespea-parast-kaariese-ravi\/\" class=\"elementor-item\">Patsiendi meelespea p\u00e4rast kaariese ravi<\/a><\/li>\n<li class=\"menu-item menu-item-type-post_type menu-item-object-page menu-item-3842\"><a href=\"https:\/\/meerhofdk.ee\/et\/fikseeritud-proteesi-kasutava-patsiendi-meelespea\/\" class=\"elementor-item\">Fixed dental prostheses memo<\/a><\/li>\n<li class=\"menu-item menu-item-type-post_type menu-item-object-page menu-item-3843\"><a href=\"https:\/\/meerhofdk.ee\/et\/patsiendi-meelespea-parast-poskkoopapohja-tostmise-operatsiooni\/\" class=\"elementor-item\">Patsiendi meelespea p\u00e4rast p\u00f5skkoopap\u00f5hja t\u00f5stmise operatsiooni<\/a><\/li>\n<li class=\"menu-item menu-item-type-post_type menu-item-object-page menu-item-3844\"><a href=\"https:\/\/meerhofdk.ee\/et\/patsiendi-meelespea-parast-hammaste-tootlemist-ortopeediliste-konstruktsioonide-jaoks\/\" class=\"elementor-item\">Patsiendi meelespea p\u00e4rast hammaste t\u00f6\u00f6tlemist ortopeediliste konstruktioonide jaoks<\/a><\/li>\n<li class=\"menu-item menu-item-type-post_type menu-item-object-page menu-item-3845\"><a href=\"https:\/\/meerhofdk.ee\/et\/patsiendi-meelespea-parast-igemete-kuretaazi\/\" class=\"elementor-item\">Patsiendi meelespea p\u00e4rast igemete k\u00fcretaa\u017ei<\/a><\/li>\n<li class=\"menu-item menu-item-type-post_type menu-item-object-page menu-item-3846\"><a href=\"https:\/\/meerhofdk.ee\/et\/patsiendi-meelespea-parast-hammaste-valgendamist\/\" class=\"elementor-item\">Patsiendi meelespea p\u00e4rast hammaste valgendamist<\/a><\/li>\n<li class=\"menu-item menu-item-type-post_type menu-item-object-page menu-item-3847\"><a href=\"https:\/\/meerhofdk.ee\/et\/meelespea-juureravi-saanud-patsientidele\/\" class=\"elementor-item\">Meelespea juureravi saanud patsientidele<\/a><\/li>\n<li class=\"menu-item menu-item-type-post_type menu-item-object-page menu-item-3848\"><a href=\"https:\/\/meerhofdk.ee\/et\/patsiendi-meelespea-parast-hamba-eemaldamist\/\" class=\"elementor-item\">Patsiendi meelespea p\u00e4rast hamba eemaldamist<\/a><\/li>\n<li class=\"menu-item menu-item-type-post_type menu-item-object-page menu-item-3849\"><a href=\"https:\/\/meerhofdk.ee\/et\/hugieeni-memo\/\" class=\"elementor-item\">Arsti soovitused peale professionaalset suu\u00f5\u00f5ne h\u00fcgieeni<\/a><\/li>\n<li class=\"menu-item menu-item-type-post_type menu-item-object-page menu-item-3850\"><a href=\"https:\/\/meerhofdk.ee\/et\/kirurgia-memo\/\" class=\"elementor-item\">Kirurgia memo<\/a><\/li>\n<\/ul>\t\t\t<\/nav>\n\t\t\t\t\t\t<nav class=\"elementor-nav-menu--dropdown elementor-nav-menu__container\" aria-hidden=\"true\">\n\t\t\t\t<ul id=\"menu-2-30435af\" class=\"elementor-nav-menu sm-vertical\"><li class=\"menu-item menu-item-type-post_type menu-item-object-page menu-item-3841\"><a href=\"https:\/\/meerhofdk.ee\/et\/patsiendi-meelespea-parast-kaariese-ravi\/\" class=\"elementor-item\" tabindex=\"-1\">Patsiendi meelespea p\u00e4rast kaariese ravi<\/a><\/li>\n<li class=\"menu-item menu-item-type-post_type menu-item-object-page menu-item-3842\"><a href=\"https:\/\/meerhofdk.ee\/et\/fikseeritud-proteesi-kasutava-patsiendi-meelespea\/\" class=\"elementor-item\" tabindex=\"-1\">Fixed dental prostheses memo<\/a><\/li>\n<li class=\"menu-item menu-item-type-post_type menu-item-object-page menu-item-3843\"><a href=\"https:\/\/meerhofdk.ee\/et\/patsiendi-meelespea-parast-poskkoopapohja-tostmise-operatsiooni\/\" class=\"elementor-item\" tabindex=\"-1\">Patsiendi meelespea p\u00e4rast p\u00f5skkoopap\u00f5hja t\u00f5stmise operatsiooni<\/a><\/li>\n<li class=\"menu-item menu-item-type-post_type menu-item-object-page menu-item-3844\"><a href=\"https:\/\/meerhofdk.ee\/et\/patsiendi-meelespea-parast-hammaste-tootlemist-ortopeediliste-konstruktsioonide-jaoks\/\" class=\"elementor-item\" tabindex=\"-1\">Patsiendi meelespea p\u00e4rast hammaste t\u00f6\u00f6tlemist ortopeediliste konstruktioonide jaoks<\/a><\/li>\n<li class=\"menu-item menu-item-type-post_type menu-item-object-page menu-item-3845\"><a href=\"https:\/\/meerhofdk.ee\/et\/patsiendi-meelespea-parast-igemete-kuretaazi\/\" class=\"elementor-item\" tabindex=\"-1\">Patsiendi meelespea p\u00e4rast igemete k\u00fcretaa\u017ei<\/a><\/li>\n<li class=\"menu-item menu-item-type-post_type menu-item-object-page menu-item-3846\"><a href=\"https:\/\/meerhofdk.ee\/et\/patsiendi-meelespea-parast-hammaste-valgendamist\/\" class=\"elementor-item\" tabindex=\"-1\">Patsiendi meelespea p\u00e4rast hammaste valgendamist<\/a><\/li>\n<li class=\"menu-item menu-item-type-post_type menu-item-object-page menu-item-3847\"><a href=\"https:\/\/meerhofdk.ee\/et\/meelespea-juureravi-saanud-patsientidele\/\" class=\"elementor-item\" tabindex=\"-1\">Meelespea juureravi saanud patsientidele<\/a><\/li>\n<li class=\"menu-item menu-item-type-post_type menu-item-object-page menu-item-3848\"><a href=\"https:\/\/meerhofdk.ee\/et\/patsiendi-meelespea-parast-hamba-eemaldamist\/\" class=\"elementor-item\" tabindex=\"-1\">Patsiendi meelespea p\u00e4rast hamba eemaldamist<\/a><\/li>\n<li class=\"menu-item menu-item-type-post_type menu-item-object-page menu-item-3849\"><a href=\"https:\/\/meerhofdk.ee\/et\/hugieeni-memo\/\" class=\"elementor-item\" tabindex=\"-1\">Arsti soovitused peale professionaalset suu\u00f5\u00f5ne h\u00fcgieeni<\/a><\/li>\n<li class=\"menu-item menu-item-type-post_type menu-item-object-page menu-item-3850\"><a href=\"https:\/\/meerhofdk.ee\/et\/kirurgia-memo\/\" class=\"elementor-item\" tabindex=\"-1\">Kirurgia memo<\/a><\/li>\n<\/ul>\t\t\t<\/nav>\n\t\t\t\t\t\t<\/div>\n\t\t\t\t<\/div>\n\t\t\t\t\t<\/div>\n\t\t<\/div>\n\t\t\t\t\t<\/div>\n\t\t<\/section>\n\t\t\t\t<\/div>","protected":false},"excerpt":{"rendered":"<p>FIXED DENTAL PROSTHESES MEMO You have just had fixed dental prostheses (artificial crowns, implant-supported crowns, veneers, ceramic inlays, and bridges) installed. Please, carefully read this memo. Following the recommendations given here will allow you to reduce the discomfort, as well as minimize the likelihood of complications. Any dental prosthesis changes the way your mouth feels. [&hellip;]<\/p>\n","protected":false},"author":1,"featured_media":0,"parent":0,"menu_order":0,"comment_status":"closed","ping_status":"closed","template":"elementor_header_footer","meta":{"footnotes":""},"class_list":["post-3824","page","type-page","status-publish","hentry"],"_links":{"self":[{"href":"https:\/\/meerhofdk.ee\/et\/wp-json\/wp\/v2\/pages\/3824","targetHints":{"allow":["GET"]}}],"collection":[{"href":"https:\/\/meerhofdk.ee\/et\/wp-json\/wp\/v2\/pages"}],"about":[{"href":"https:\/\/meerhofdk.ee\/et\/wp-json\/wp\/v2\/types\/page"}],"author":[{"embeddable":true,"href":"https:\/\/meerhofdk.ee\/et\/wp-json\/wp\/v2\/users\/1"}],"replies":[{"embeddable":true,"href":"https:\/\/meerhofdk.ee\/et\/wp-json\/wp\/v2\/comments?post=3824"}],"version-history":[{"count":9,"href":"https:\/\/meerhofdk.ee\/et\/wp-json\/wp\/v2\/pages\/3824\/revisions"}],"predecessor-version":[{"id":3928,"href":"https:\/\/meerhofdk.ee\/et\/wp-json\/wp\/v2\/pages\/3824\/revisions\/3928"}],"wp:attachment":[{"href":"https:\/\/meerhofdk.ee\/et\/wp-json\/wp\/v2\/media?parent=3824"}],"curies":[{"name":"wp","href":"https:\/\/api.w.org\/{rel}","templated":true}]}}