{"id":3829,"date":"2020-07-09T16:40:17","date_gmt":"2020-07-09T16:40:17","guid":{"rendered":"https:\/\/meerhofdk.ee\/?page_id=3829"},"modified":"2020-07-24T11:16:56","modified_gmt":"2020-07-24T11:16:56","slug":"patsiendi-meelespea-parast-kaariese-ravi","status":"publish","type":"page","link":"https:\/\/meerhofdk.ee\/et\/patsiendi-meelespea-parast-kaariese-ravi\/","title":{"rendered":"Patsiendi meelespea p\u00e4rast kaariese ravi"},"content":{"rendered":"<div data-elementor-type=\"wp-page\" data-elementor-id=\"3829\" class=\"elementor elementor-3829\" data-elementor-settings=\"{&quot;ha_cmc_init_switcher&quot;:&quot;no&quot;}\" data-elementor-post-type=\"page\">\n\t\t\t\t\t\t<section class=\"elementor-section elementor-top-section elementor-element elementor-element-748eed7 elementor-section-boxed elementor-section-height-default elementor-section-height-default\" data-id=\"748eed7\" data-element_type=\"section\" data-e-type=\"section\" data-settings=\"{&quot;_ha_eqh_enable&quot;:false}\">\n\t\t\t\t\t\t<div class=\"elementor-container elementor-column-gap-default\">\n\t\t\t\t\t<div class=\"elementor-column elementor-col-50 elementor-top-column elementor-element elementor-element-27da35f\" data-id=\"27da35f\" data-element_type=\"column\" data-e-type=\"column\">\n\t\t\t<div class=\"elementor-widget-wrap elementor-element-populated\">\n\t\t\t\t\t\t<div class=\"elementor-element elementor-element-8b64f3b elementor-widget elementor-widget-image\" data-id=\"8b64f3b\" data-element_type=\"widget\" data-e-type=\"widget\" data-widget_type=\"image.default\">\n\t\t\t\t<div class=\"elementor-widget-container\">\n\t\t\t\t\t\t\t\t\t\t\t\t\t\t\t<img decoding=\"async\" width=\"150\" height=\"150\" src=\"https:\/\/meerhofdk.ee\/wp-content\/uploads\/2019\/04\/meerhof_dental_logotype_icon_gray-150x150.png\" class=\"attachment-thumbnail size-thumbnail wp-image-82\" alt=\"Meerhof Dental Center logo\" srcset=\"https:\/\/meerhofdk.ee\/wp-content\/uploads\/2019\/04\/meerhof_dental_logotype_icon_gray-150x150.png 150w, https:\/\/meerhofdk.ee\/wp-content\/uploads\/2019\/04\/meerhof_dental_logotype_icon_gray-300x300.png 300w, https:\/\/meerhofdk.ee\/wp-content\/uploads\/2019\/04\/meerhof_dental_logotype_icon_gray-768x768.png 768w, https:\/\/meerhofdk.ee\/wp-content\/uploads\/2019\/04\/meerhof_dental_logotype_icon_gray.png 1000w\" sizes=\"(max-width: 150px) 100vw, 150px\" title=\"\">\t\t\t\t\t\t\t\t\t\t\t\t\t\t\t<\/div>\n\t\t\t\t<\/div>\n\t\t\t\t\t<\/div>\n\t\t<\/div>\n\t\t\t\t<div class=\"elementor-column elementor-col-50 elementor-top-column elementor-element elementor-element-36c3633\" data-id=\"36c3633\" data-element_type=\"column\" data-e-type=\"column\">\n\t\t\t<div class=\"elementor-widget-wrap elementor-element-populated\">\n\t\t\t\t\t\t<div class=\"elementor-element elementor-element-370b451 elementor-nav-menu__align-end elementor-nav-menu--dropdown-none elementor-widget elementor-widget-nav-menu\" data-id=\"370b451\" data-element_type=\"widget\" data-e-type=\"widget\" data-settings=\"{&quot;layout&quot;:&quot;horizontal&quot;,&quot;submenu_icon&quot;:{&quot;value&quot;:&quot;&lt;svg aria-hidden=\\&quot;true\\&quot; class=\\&quot;e-font-icon-svg e-fas-caret-down\\&quot; viewBox=\\&quot;0 0 320 512\\&quot; xmlns=\\&quot;http:\\\/\\\/www.w3.org\\\/2000\\\/svg\\&quot;&gt;&lt;path d=\\&quot;M31.3 192h257.3c17.8 0 26.7 21.5 14.1 34.1L174.1 354.8c-7.8 7.8-20.5 7.8-28.3 0L17.2 226.1C4.6 213.5 13.5 192 31.3 192z\\&quot;&gt;&lt;\\\/path&gt;&lt;\\\/svg&gt;&quot;,&quot;library&quot;:&quot;fa-solid&quot;}}\" data-widget_type=\"nav-menu.default\">\n\t\t\t\t<div class=\"elementor-widget-container\">\n\t\t\t\t\t\t\t\t<nav aria-label=\"Menu\" class=\"elementor-nav-menu--main elementor-nav-menu__container elementor-nav-menu--layout-horizontal e--pointer-underline e--animation-fade\">\n\t\t\t\t<ul id=\"menu-1-370b451\" class=\"elementor-nav-menu\"><li class=\"trp-language-switcher-container menu-item menu-item-type-post_type menu-item-object-language_switcher menu-item-has-children current-language-menu-item menu-item-1663\"><a href=\"https:\/\/meerhofdk.ee\/et\/wp-json\/wp\/v2\/pages\/3829\" class=\"elementor-item elementor-item-anchor\"><span data-no-translation><img decoding=\"async\" class=\"trp-flag-image\" src=\"https:\/\/meerhofdk.ee\/wp-content\/plugins\/translatepress-multilingual\/assets\/images\/flags\/et.png\" width=\"18\" height=\"12\" alt=\"et\" title=\"Eesti\"><span class=\"trp-ls-language-name\">ET<\/span><\/span><\/a>\n<ul class=\"sub-menu elementor-nav-menu--dropdown\">\n\t<li class=\"trp-language-switcher-container menu-item menu-item-type-post_type menu-item-object-language_switcher current-language-menu-item menu-item-1665\"><a href=\"https:\/\/meerhofdk.ee\/et\/wp-json\/wp\/v2\/pages\/3829\" class=\"elementor-sub-item elementor-item-anchor\"><span data-no-translation><img decoding=\"async\" class=\"trp-flag-image\" src=\"https:\/\/meerhofdk.ee\/wp-content\/plugins\/translatepress-multilingual\/assets\/images\/flags\/ru_RU.png\" width=\"18\" height=\"12\" alt=\"ru_RU\" title=\"\u0420\u0443\u0441\u0441\u043a\u0438\u0439\"><span class=\"trp-ls-language-name\">RU<\/span><\/span><\/a><\/li>\n\t<li class=\"trp-language-switcher-container menu-item menu-item-type-post_type menu-item-object-language_switcher current-language-menu-item menu-item-1667\"><a href=\"https:\/\/meerhofdk.ee\/et\/wp-json\/wp\/v2\/pages\/3829\" class=\"elementor-sub-item elementor-item-anchor\"><span data-no-translation><img loading=\"lazy\" decoding=\"async\" class=\"trp-flag-image\" src=\"https:\/\/meerhofdk.ee\/wp-content\/plugins\/translatepress-multilingual\/assets\/images\/flags\/en_US.png\" width=\"18\" height=\"12\" alt=\"en_US\" title=\"English\"><span class=\"trp-ls-language-name\">EN<\/span><\/span><\/a><\/li>\n\t<li class=\"trp-language-switcher-container menu-item menu-item-type-post_type menu-item-object-language_switcher current-language-menu-item menu-item-1664\"><a href=\"https:\/\/meerhofdk.ee\/et\/wp-json\/wp\/v2\/pages\/3829\" class=\"elementor-sub-item elementor-item-anchor\"><span data-no-translation><img loading=\"lazy\" decoding=\"async\" class=\"trp-flag-image\" src=\"https:\/\/meerhofdk.ee\/wp-content\/plugins\/translatepress-multilingual\/assets\/images\/flags\/fi.png\" width=\"18\" height=\"12\" alt=\"fi\" title=\"Suomi\"><span class=\"trp-ls-language-name\">FI<\/span><\/span><\/a><\/li>\n<\/ul>\n<\/li>\n<\/ul>\t\t\t<\/nav>\n\t\t\t\t\t\t<nav class=\"elementor-nav-menu--dropdown elementor-nav-menu__container\" aria-hidden=\"true\">\n\t\t\t\t<ul id=\"menu-2-370b451\" class=\"elementor-nav-menu\"><li class=\"trp-language-switcher-container menu-item menu-item-type-post_type menu-item-object-language_switcher menu-item-has-children current-language-menu-item menu-item-1663\"><a href=\"https:\/\/meerhofdk.ee\/et\/wp-json\/wp\/v2\/pages\/3829\" class=\"elementor-item elementor-item-anchor\" tabindex=\"-1\"><span data-no-translation><img decoding=\"async\" class=\"trp-flag-image\" src=\"https:\/\/meerhofdk.ee\/wp-content\/plugins\/translatepress-multilingual\/assets\/images\/flags\/et.png\" width=\"18\" height=\"12\" alt=\"et\" title=\"Eesti\"><span class=\"trp-ls-language-name\">ET<\/span><\/span><\/a>\n<ul class=\"sub-menu elementor-nav-menu--dropdown\">\n\t<li class=\"trp-language-switcher-container menu-item menu-item-type-post_type menu-item-object-language_switcher current-language-menu-item menu-item-1665\"><a href=\"https:\/\/meerhofdk.ee\/et\/wp-json\/wp\/v2\/pages\/3829\" class=\"elementor-sub-item elementor-item-anchor\" tabindex=\"-1\"><span data-no-translation><img decoding=\"async\" class=\"trp-flag-image\" src=\"https:\/\/meerhofdk.ee\/wp-content\/plugins\/translatepress-multilingual\/assets\/images\/flags\/ru_RU.png\" width=\"18\" height=\"12\" alt=\"ru_RU\" title=\"\u0420\u0443\u0441\u0441\u043a\u0438\u0439\"><span class=\"trp-ls-language-name\">RU<\/span><\/span><\/a><\/li>\n\t<li class=\"trp-language-switcher-container menu-item menu-item-type-post_type menu-item-object-language_switcher current-language-menu-item menu-item-1667\"><a href=\"https:\/\/meerhofdk.ee\/et\/wp-json\/wp\/v2\/pages\/3829\" class=\"elementor-sub-item elementor-item-anchor\" tabindex=\"-1\"><span data-no-translation><img loading=\"lazy\" decoding=\"async\" class=\"trp-flag-image\" src=\"https:\/\/meerhofdk.ee\/wp-content\/plugins\/translatepress-multilingual\/assets\/images\/flags\/en_US.png\" width=\"18\" height=\"12\" alt=\"en_US\" title=\"English\"><span class=\"trp-ls-language-name\">EN<\/span><\/span><\/a><\/li>\n\t<li class=\"trp-language-switcher-container menu-item menu-item-type-post_type menu-item-object-language_switcher current-language-menu-item menu-item-1664\"><a href=\"https:\/\/meerhofdk.ee\/et\/wp-json\/wp\/v2\/pages\/3829\" class=\"elementor-sub-item elementor-item-anchor\" tabindex=\"-1\"><span data-no-translation><img loading=\"lazy\" decoding=\"async\" class=\"trp-flag-image\" src=\"https:\/\/meerhofdk.ee\/wp-content\/plugins\/translatepress-multilingual\/assets\/images\/flags\/fi.png\" width=\"18\" height=\"12\" alt=\"fi\" title=\"Suomi\"><span class=\"trp-ls-language-name\">FI<\/span><\/span><\/a><\/li>\n<\/ul>\n<\/li>\n<\/ul>\t\t\t<\/nav>\n\t\t\t\t\t\t<\/div>\n\t\t\t\t<\/div>\n\t\t\t\t\t<\/div>\n\t\t<\/div>\n\t\t\t\t\t<\/div>\n\t\t<\/section>\n\t\t\t\t<section class=\"elementor-section elementor-top-section elementor-element elementor-element-324b5085 elementor-section-boxed elementor-section-height-default elementor-section-height-default\" data-id=\"324b5085\" data-element_type=\"section\" data-e-type=\"section\" data-settings=\"{&quot;_ha_eqh_enable&quot;:false}\">\n\t\t\t\t\t\t<div class=\"elementor-container elementor-column-gap-default\">\n\t\t\t\t\t<div class=\"elementor-column elementor-col-66 elementor-top-column elementor-element elementor-element-5b33dc97\" data-id=\"5b33dc97\" data-element_type=\"column\" data-e-type=\"column\">\n\t\t\t<div class=\"elementor-widget-wrap elementor-element-populated\">\n\t\t\t\t\t\t<div class=\"elementor-element elementor-element-6873f6a9 elementor-widget elementor-widget-heading\" data-id=\"6873f6a9\" data-element_type=\"widget\" data-e-type=\"widget\" data-widget_type=\"heading.default\">\n\t\t\t\t<div class=\"elementor-widget-container\">\n\t\t\t\t\t<h1 class=\"elementor-heading-title elementor-size-default\">Patsiendi meelespea p\u00e4rast kaariese ravi<\/h1>\t\t\t\t<\/div>\n\t\t\t\t<\/div>\n\t\t\t\t<div class=\"elementor-element elementor-element-73a84073 elementor-widget elementor-widget-text-editor\" data-id=\"73a84073\" data-element_type=\"widget\" data-e-type=\"widget\" data-widget_type=\"text-editor.default\">\n\t\t\t\t<div class=\"elementor-widget-container\">\n\t\t\t\t\t\t\t\t\t<ul><li>Plommitud hambaid tuleb harjata nii hambapasta kui ka -pastaga nagu terveid hambaid kaks korda p\u00e4evas. P\u00e4rast s\u00f6\u00f6mist loputage suu toiduj\u00e4\u00e4tmete eemaldamiseks. Hambavahede puhastamiseks kasutage veepritsi, hambaniiti v\u00f5i hambavaheharjakesi.<\/li><li>Kui hammaste harjamise ajal ige veritseb, ei pea h\u00fcgieeniprotseduure l\u00f5petama. Kui verejooks p\u00fcsib 3-4 p\u00e4eva, p\u00f6\u00f6rduge arsti poole.<\/li><li>Kui p\u00e4rast plommimist ja kohaliku tuimastuse toime l\u00f5ppu takistab t\u00e4idis hammaste kokkupuutumist, on vaja l\u00e4hiajal p\u00f6\u00f6rduda arsti poole.<\/li><li>Plommimise ajal kasutatakse k\u00f5ige sagedamini kohalikku tuimastust, mille m\u00f5ju kestab mitu tundi. Sel ajal loobuge kuuma toidu s\u00f6\u00f6misest, et kaitsta end v\u00f5imaliku p\u00f5letuse v\u00f5i suu limaskesta vigastuste eest.<\/li><li>P\u00e4rast komposiitt\u00e4idise paigaldamist ei tohiks esimese kahe p\u00e4eva jooksul s\u00fc\u00fca naturaalseid ja kunstlikke v\u00e4rvaineid sisaldavaid toite (n\u00e4iteks mustikad, tee, kohv jne).<\/li><li>Et plommidelt ja nende k\u00f5rvalt k\u00f5vadelt hambakudedelt ei tuleks kilde, ei soovitata s\u00fc\u00fca ja n\u00e4rida v\u00e4ga k\u00f5vasid toite (n\u00e4iteks p\u00e4hklid, kuivikud) ega hammustada suurte t\u00fckkide k\u00fcljest (n\u00e4iteks tervest \u00f5unast).<\/li><li>Kord kuue kuu jooksul peate k\u00fclastama hambaarsti kontrolliks. Vajadusel viiakse l\u00e4bi professionaalne suuh\u00fcgieen, lihvitakse ja poleeritakse komposiitt\u00e4idiste pindu (s\u00e4ra taastamine, servade pigmentatsiooni likvideerimine, piiride ja pragude tihendamine).<\/li><\/ul><p>Regulaarse ennetava kontrolli ajal v\u00f5ivad tulla n\u00e4htavale uued kaariesekahjustused, sealhulgas ka varem paigaldatud plommi juurde kuuluval alal. Kaariese arengu varases staadiumis l\u00e4biviidav ravi v\u00f5ib t\u00e4ielikult peatada k\u00f5vade hambakudede h\u00e4vimise.<\/p>\t\t\t\t\t\t\t\t<\/div>\n\t\t\t\t<\/div>\n\t\t\t\t\t<\/div>\n\t\t<\/div>\n\t\t\t\t<div class=\"elementor-column elementor-col-33 elementor-top-column elementor-element elementor-element-35c95f1c\" data-id=\"35c95f1c\" data-element_type=\"column\" data-e-type=\"column\">\n\t\t\t<div class=\"elementor-widget-wrap elementor-element-populated\">\n\t\t\t\t\t\t<div class=\"elementor-element elementor-element-2818000 elementor-nav-menu--dropdown-none elementor-widget elementor-widget-nav-menu\" data-id=\"2818000\" data-element_type=\"widget\" data-e-type=\"widget\" data-settings=\"{&quot;layout&quot;:&quot;vertical&quot;,&quot;submenu_icon&quot;:{&quot;value&quot;:&quot;&lt;svg aria-hidden=\\&quot;true\\&quot; class=\\&quot;e-font-icon-svg e-fas-caret-down\\&quot; viewBox=\\&quot;0 0 320 512\\&quot; xmlns=\\&quot;http:\\\/\\\/www.w3.org\\\/2000\\\/svg\\&quot;&gt;&lt;path d=\\&quot;M31.3 192h257.3c17.8 0 26.7 21.5 14.1 34.1L174.1 354.8c-7.8 7.8-20.5 7.8-28.3 0L17.2 226.1C4.6 213.5 13.5 192 31.3 192z\\&quot;&gt;&lt;\\\/path&gt;&lt;\\\/svg&gt;&quot;,&quot;library&quot;:&quot;fa-solid&quot;}}\" data-widget_type=\"nav-menu.default\">\n\t\t\t\t<div class=\"elementor-widget-container\">\n\t\t\t\t\t\t\t\t<nav aria-label=\"Menu\" class=\"elementor-nav-menu--main elementor-nav-menu__container elementor-nav-menu--layout-vertical e--pointer-background e--animation-sweep-down\">\n\t\t\t\t<ul id=\"menu-1-2818000\" class=\"elementor-nav-menu sm-vertical\"><li class=\"menu-item menu-item-type-post_type menu-item-object-page menu-item-3841\"><a href=\"https:\/\/meerhofdk.ee\/et\/patsiendi-meelespea-parast-kaariese-ravi\/\" class=\"elementor-item\">Patsiendi meelespea p\u00e4rast kaariese ravi<\/a><\/li>\n<li class=\"menu-item menu-item-type-post_type menu-item-object-page menu-item-3842\"><a href=\"https:\/\/meerhofdk.ee\/et\/fikseeritud-proteesi-kasutava-patsiendi-meelespea\/\" class=\"elementor-item\">Fixed dental prostheses memo<\/a><\/li>\n<li class=\"menu-item menu-item-type-post_type menu-item-object-page menu-item-3843\"><a href=\"https:\/\/meerhofdk.ee\/et\/patsiendi-meelespea-parast-poskkoopapohja-tostmise-operatsiooni\/\" class=\"elementor-item\">Patsiendi meelespea p\u00e4rast p\u00f5skkoopap\u00f5hja t\u00f5stmise operatsiooni<\/a><\/li>\n<li class=\"menu-item menu-item-type-post_type menu-item-object-page menu-item-3844\"><a href=\"https:\/\/meerhofdk.ee\/et\/patsiendi-meelespea-parast-hammaste-tootlemist-ortopeediliste-konstruktsioonide-jaoks\/\" class=\"elementor-item\">Patsiendi meelespea p\u00e4rast hammaste t\u00f6\u00f6tlemist ortopeediliste konstruktioonide jaoks<\/a><\/li>\n<li class=\"menu-item menu-item-type-post_type menu-item-object-page menu-item-3845\"><a href=\"https:\/\/meerhofdk.ee\/et\/patsiendi-meelespea-parast-igemete-kuretaazi\/\" class=\"elementor-item\">Patsiendi meelespea p\u00e4rast igemete k\u00fcretaa\u017ei<\/a><\/li>\n<li class=\"menu-item menu-item-type-post_type menu-item-object-page menu-item-3846\"><a href=\"https:\/\/meerhofdk.ee\/et\/patsiendi-meelespea-parast-hammaste-valgendamist\/\" class=\"elementor-item\">Patsiendi meelespea p\u00e4rast hammaste valgendamist<\/a><\/li>\n<li class=\"menu-item menu-item-type-post_type menu-item-object-page menu-item-3847\"><a href=\"https:\/\/meerhofdk.ee\/et\/meelespea-juureravi-saanud-patsientidele\/\" class=\"elementor-item\">Meelespea juureravi saanud patsientidele<\/a><\/li>\n<li class=\"menu-item menu-item-type-post_type menu-item-object-page menu-item-3848\"><a href=\"https:\/\/meerhofdk.ee\/et\/patsiendi-meelespea-parast-hamba-eemaldamist\/\" class=\"elementor-item\">Patsiendi meelespea p\u00e4rast hamba eemaldamist<\/a><\/li>\n<li class=\"menu-item menu-item-type-post_type menu-item-object-page menu-item-3849\"><a href=\"https:\/\/meerhofdk.ee\/et\/hugieeni-memo\/\" class=\"elementor-item\">Arsti soovitused peale professionaalset suu\u00f5\u00f5ne h\u00fcgieeni<\/a><\/li>\n<li class=\"menu-item menu-item-type-post_type menu-item-object-page menu-item-3850\"><a href=\"https:\/\/meerhofdk.ee\/et\/kirurgia-memo\/\" class=\"elementor-item\">Kirurgia memo<\/a><\/li>\n<\/ul>\t\t\t<\/nav>\n\t\t\t\t\t\t<nav class=\"elementor-nav-menu--dropdown elementor-nav-menu__container\" aria-hidden=\"true\">\n\t\t\t\t<ul id=\"menu-2-2818000\" class=\"elementor-nav-menu sm-vertical\"><li class=\"menu-item menu-item-type-post_type menu-item-object-page menu-item-3841\"><a href=\"https:\/\/meerhofdk.ee\/et\/patsiendi-meelespea-parast-kaariese-ravi\/\" class=\"elementor-item\" tabindex=\"-1\">Patsiendi meelespea p\u00e4rast kaariese ravi<\/a><\/li>\n<li class=\"menu-item menu-item-type-post_type menu-item-object-page menu-item-3842\"><a href=\"https:\/\/meerhofdk.ee\/et\/fikseeritud-proteesi-kasutava-patsiendi-meelespea\/\" class=\"elementor-item\" tabindex=\"-1\">Fixed dental prostheses memo<\/a><\/li>\n<li class=\"menu-item menu-item-type-post_type menu-item-object-page menu-item-3843\"><a href=\"https:\/\/meerhofdk.ee\/et\/patsiendi-meelespea-parast-poskkoopapohja-tostmise-operatsiooni\/\" class=\"elementor-item\" tabindex=\"-1\">Patsiendi meelespea p\u00e4rast p\u00f5skkoopap\u00f5hja t\u00f5stmise operatsiooni<\/a><\/li>\n<li class=\"menu-item menu-item-type-post_type menu-item-object-page menu-item-3844\"><a href=\"https:\/\/meerhofdk.ee\/et\/patsiendi-meelespea-parast-hammaste-tootlemist-ortopeediliste-konstruktsioonide-jaoks\/\" class=\"elementor-item\" tabindex=\"-1\">Patsiendi meelespea p\u00e4rast hammaste t\u00f6\u00f6tlemist ortopeediliste konstruktioonide jaoks<\/a><\/li>\n<li class=\"menu-item menu-item-type-post_type menu-item-object-page menu-item-3845\"><a href=\"https:\/\/meerhofdk.ee\/et\/patsiendi-meelespea-parast-igemete-kuretaazi\/\" class=\"elementor-item\" tabindex=\"-1\">Patsiendi meelespea p\u00e4rast igemete k\u00fcretaa\u017ei<\/a><\/li>\n<li class=\"menu-item menu-item-type-post_type menu-item-object-page menu-item-3846\"><a href=\"https:\/\/meerhofdk.ee\/et\/patsiendi-meelespea-parast-hammaste-valgendamist\/\" class=\"elementor-item\" tabindex=\"-1\">Patsiendi meelespea p\u00e4rast hammaste valgendamist<\/a><\/li>\n<li class=\"menu-item menu-item-type-post_type menu-item-object-page menu-item-3847\"><a href=\"https:\/\/meerhofdk.ee\/et\/meelespea-juureravi-saanud-patsientidele\/\" class=\"elementor-item\" tabindex=\"-1\">Meelespea juureravi saanud patsientidele<\/a><\/li>\n<li class=\"menu-item menu-item-type-post_type menu-item-object-page menu-item-3848\"><a href=\"https:\/\/meerhofdk.ee\/et\/patsiendi-meelespea-parast-hamba-eemaldamist\/\" class=\"elementor-item\" tabindex=\"-1\">Patsiendi meelespea p\u00e4rast hamba eemaldamist<\/a><\/li>\n<li class=\"menu-item menu-item-type-post_type menu-item-object-page menu-item-3849\"><a href=\"https:\/\/meerhofdk.ee\/et\/hugieeni-memo\/\" class=\"elementor-item\" tabindex=\"-1\">Arsti soovitused peale professionaalset suu\u00f5\u00f5ne h\u00fcgieeni<\/a><\/li>\n<li class=\"menu-item menu-item-type-post_type menu-item-object-page menu-item-3850\"><a href=\"https:\/\/meerhofdk.ee\/et\/kirurgia-memo\/\" class=\"elementor-item\" tabindex=\"-1\">Kirurgia memo<\/a><\/li>\n<\/ul>\t\t\t<\/nav>\n\t\t\t\t\t\t<\/div>\n\t\t\t\t<\/div>\n\t\t\t\t\t<\/div>\n\t\t<\/div>\n\t\t\t\t\t<\/div>\n\t\t<\/section>\n\t\t\t\t<\/div>","protected":false},"excerpt":{"rendered":"<p>Memo to patients after caries treatment Sealed teeth should be cleaned with a toothbrush and paste similar to natural teeth twice a day. After eating, rinse your mouth to remove food residue. For the cleansing of interdental spaces, use the oral irrigator, dental floss, or interdental brushes. If bleeding occurs when brushing your teeth, you [&hellip;]<\/p>\n","protected":false},"author":1,"featured_media":0,"parent":0,"menu_order":0,"comment_status":"closed","ping_status":"closed","template":"elementor_header_footer","meta":{"footnotes":""},"class_list":["post-3829","page","type-page","status-publish","hentry"],"_links":{"self":[{"href":"https:\/\/meerhofdk.ee\/et\/wp-json\/wp\/v2\/pages\/3829","targetHints":{"allow":["GET"]}}],"collection":[{"href":"https:\/\/meerhofdk.ee\/et\/wp-json\/wp\/v2\/pages"}],"about":[{"href":"https:\/\/meerhofdk.ee\/et\/wp-json\/wp\/v2\/types\/page"}],"author":[{"embeddable":true,"href":"https:\/\/meerhofdk.ee\/et\/wp-json\/wp\/v2\/users\/1"}],"replies":[{"embeddable":true,"href":"https:\/\/meerhofdk.ee\/et\/wp-json\/wp\/v2\/comments?post=3829"}],"version-history":[{"count":11,"href":"https:\/\/meerhofdk.ee\/et\/wp-json\/wp\/v2\/pages\/3829\/revisions"}],"predecessor-version":[{"id":3927,"href":"https:\/\/meerhofdk.ee\/et\/wp-json\/wp\/v2\/pages\/3829\/revisions\/3927"}],"wp:attachment":[{"href":"https:\/\/meerhofdk.ee\/et\/wp-json\/wp\/v2\/media?parent=3829"}],"curies":[{"name":"wp","href":"https:\/\/api.w.org\/{rel}","templated":true}]}}