{"id":3801,"date":"2020-07-09T13:01:08","date_gmt":"2020-07-09T13:01:08","guid":{"rendered":"https:\/\/meerhofdk.ee\/?page_id=3801"},"modified":"2021-05-07T11:21:05","modified_gmt":"2021-05-07T11:21:05","slug":"meelespea-juureravi-saanud-patsientidele","status":"publish","type":"page","link":"https:\/\/meerhofdk.ee\/fi\/meelespea-juureravi-saanud-patsientidele\/","title":{"rendered":"Muistilappu potilaalle endodontisen hoidon j\u00e4lkeen"},"content":{"rendered":"<div data-elementor-type=\"wp-page\" data-elementor-id=\"3801\" class=\"elementor elementor-3801\" data-elementor-settings=\"{&quot;ha_cmc_init_switcher&quot;:&quot;no&quot;}\" data-elementor-post-type=\"page\">\n\t\t\t\t\t\t<section class=\"elementor-section elementor-top-section elementor-element elementor-element-a72c170 elementor-section-boxed elementor-section-height-default elementor-section-height-default\" data-id=\"a72c170\" data-element_type=\"section\" data-e-type=\"section\" data-settings=\"{&quot;_ha_eqh_enable&quot;:false}\">\n\t\t\t\t\t\t<div class=\"elementor-container elementor-column-gap-default\">\n\t\t\t\t\t<div class=\"elementor-column elementor-col-50 elementor-top-column elementor-element elementor-element-6105d24\" data-id=\"6105d24\" data-element_type=\"column\" data-e-type=\"column\">\n\t\t\t<div class=\"elementor-widget-wrap elementor-element-populated\">\n\t\t\t\t\t\t<div class=\"elementor-element elementor-element-eb8b945 elementor-widget elementor-widget-image\" data-id=\"eb8b945\" data-element_type=\"widget\" data-e-type=\"widget\" data-widget_type=\"image.default\">\n\t\t\t\t<div class=\"elementor-widget-container\">\n\t\t\t\t\t\t\t\t\t\t\t\t\t\t\t<img decoding=\"async\" width=\"150\" height=\"150\" src=\"https:\/\/meerhofdk.ee\/wp-content\/uploads\/2019\/04\/meerhof_dental_logotype_icon_gray-150x150.png\" class=\"attachment-thumbnail size-thumbnail wp-image-82\" alt=\"Meerhof Dental Center logo\" srcset=\"https:\/\/meerhofdk.ee\/wp-content\/uploads\/2019\/04\/meerhof_dental_logotype_icon_gray-150x150.png 150w, https:\/\/meerhofdk.ee\/wp-content\/uploads\/2019\/04\/meerhof_dental_logotype_icon_gray-300x300.png 300w, https:\/\/meerhofdk.ee\/wp-content\/uploads\/2019\/04\/meerhof_dental_logotype_icon_gray-768x768.png 768w, https:\/\/meerhofdk.ee\/wp-content\/uploads\/2019\/04\/meerhof_dental_logotype_icon_gray.png 1000w\" sizes=\"(max-width: 150px) 100vw, 150px\" title=\"\">\t\t\t\t\t\t\t\t\t\t\t\t\t\t\t<\/div>\n\t\t\t\t<\/div>\n\t\t\t\t\t<\/div>\n\t\t<\/div>\n\t\t\t\t<div class=\"elementor-column elementor-col-50 elementor-top-column elementor-element elementor-element-1e8f512\" data-id=\"1e8f512\" data-element_type=\"column\" data-e-type=\"column\">\n\t\t\t<div class=\"elementor-widget-wrap elementor-element-populated\">\n\t\t\t\t\t\t<div class=\"elementor-element elementor-element-e0ab082 elementor-nav-menu__align-end elementor-nav-menu--dropdown-none elementor-widget elementor-widget-nav-menu\" data-id=\"e0ab082\" data-element_type=\"widget\" data-e-type=\"widget\" data-settings=\"{&quot;layout&quot;:&quot;horizontal&quot;,&quot;submenu_icon&quot;:{&quot;value&quot;:&quot;&lt;svg aria-hidden=\\&quot;true\\&quot; class=\\&quot;e-font-icon-svg e-fas-caret-down\\&quot; viewBox=\\&quot;0 0 320 512\\&quot; xmlns=\\&quot;http:\\\/\\\/www.w3.org\\\/2000\\\/svg\\&quot;&gt;&lt;path d=\\&quot;M31.3 192h257.3c17.8 0 26.7 21.5 14.1 34.1L174.1 354.8c-7.8 7.8-20.5 7.8-28.3 0L17.2 226.1C4.6 213.5 13.5 192 31.3 192z\\&quot;&gt;&lt;\\\/path&gt;&lt;\\\/svg&gt;&quot;,&quot;library&quot;:&quot;fa-solid&quot;}}\" data-widget_type=\"nav-menu.default\">\n\t\t\t\t<div class=\"elementor-widget-container\">\n\t\t\t\t\t\t\t\t<nav aria-label=\"Menu\" class=\"elementor-nav-menu--main elementor-nav-menu__container elementor-nav-menu--layout-horizontal e--pointer-underline e--animation-fade\">\n\t\t\t\t<ul id=\"menu-1-e0ab082\" class=\"elementor-nav-menu\"><li class=\"trp-language-switcher-container menu-item menu-item-type-post_type menu-item-object-language_switcher menu-item-has-children current-language-menu-item menu-item-1663\"><a href=\"https:\/\/meerhofdk.ee\/fi\/wp-json\/wp\/v2\/pages\/3801\" class=\"elementor-item elementor-item-anchor\"><span data-no-translation><img decoding=\"async\" class=\"trp-flag-image\" src=\"https:\/\/meerhofdk.ee\/wp-content\/plugins\/translatepress-multilingual\/assets\/images\/flags\/fi.png\" width=\"18\" height=\"12\" alt=\"fi\" title=\"Suomi\"><span class=\"trp-ls-language-name\">FI<\/span><\/span><\/a>\n<ul class=\"sub-menu elementor-nav-menu--dropdown\">\n\t<li class=\"trp-language-switcher-container menu-item menu-item-type-post_type menu-item-object-language_switcher current-language-menu-item menu-item-1666\"><a href=\"https:\/\/meerhofdk.ee\/fi\/wp-json\/wp\/v2\/pages\/3801\" class=\"elementor-sub-item elementor-item-anchor\"><span data-no-translation><img decoding=\"async\" class=\"trp-flag-image\" src=\"https:\/\/meerhofdk.ee\/wp-content\/plugins\/translatepress-multilingual\/assets\/images\/flags\/et.png\" width=\"18\" height=\"12\" alt=\"et\" title=\"Eesti\"><span class=\"trp-ls-language-name\">ET<\/span><\/span><\/a><\/li>\n\t<li class=\"trp-language-switcher-container menu-item menu-item-type-post_type menu-item-object-language_switcher current-language-menu-item menu-item-1665\"><a href=\"https:\/\/meerhofdk.ee\/fi\/wp-json\/wp\/v2\/pages\/3801\" class=\"elementor-sub-item elementor-item-anchor\"><span data-no-translation><img loading=\"lazy\" decoding=\"async\" class=\"trp-flag-image\" src=\"https:\/\/meerhofdk.ee\/wp-content\/plugins\/translatepress-multilingual\/assets\/images\/flags\/ru_RU.png\" width=\"18\" height=\"12\" alt=\"ru_RU\" title=\"\u0420\u0443\u0441\u0441\u043a\u0438\u0439\"><span class=\"trp-ls-language-name\">RU<\/span><\/span><\/a><\/li>\n\t<li class=\"trp-language-switcher-container menu-item menu-item-type-post_type menu-item-object-language_switcher current-language-menu-item menu-item-1667\"><a href=\"https:\/\/meerhofdk.ee\/fi\/wp-json\/wp\/v2\/pages\/3801\" class=\"elementor-sub-item elementor-item-anchor\"><span data-no-translation><img loading=\"lazy\" decoding=\"async\" class=\"trp-flag-image\" src=\"https:\/\/meerhofdk.ee\/wp-content\/plugins\/translatepress-multilingual\/assets\/images\/flags\/en_US.png\" width=\"18\" height=\"12\" alt=\"en_US\" title=\"English\"><span class=\"trp-ls-language-name\">EN<\/span><\/span><\/a><\/li>\n<\/ul>\n<\/li>\n<\/ul>\t\t\t<\/nav>\n\t\t\t\t\t\t<nav class=\"elementor-nav-menu--dropdown elementor-nav-menu__container\" aria-hidden=\"true\">\n\t\t\t\t<ul id=\"menu-2-e0ab082\" class=\"elementor-nav-menu\"><li class=\"trp-language-switcher-container menu-item menu-item-type-post_type menu-item-object-language_switcher menu-item-has-children current-language-menu-item menu-item-1663\"><a href=\"https:\/\/meerhofdk.ee\/fi\/wp-json\/wp\/v2\/pages\/3801\" class=\"elementor-item elementor-item-anchor\" tabindex=\"-1\"><span data-no-translation><img decoding=\"async\" class=\"trp-flag-image\" src=\"https:\/\/meerhofdk.ee\/wp-content\/plugins\/translatepress-multilingual\/assets\/images\/flags\/fi.png\" width=\"18\" height=\"12\" alt=\"fi\" title=\"Suomi\"><span class=\"trp-ls-language-name\">FI<\/span><\/span><\/a>\n<ul class=\"sub-menu elementor-nav-menu--dropdown\">\n\t<li class=\"trp-language-switcher-container menu-item menu-item-type-post_type menu-item-object-language_switcher current-language-menu-item menu-item-1666\"><a href=\"https:\/\/meerhofdk.ee\/fi\/wp-json\/wp\/v2\/pages\/3801\" class=\"elementor-sub-item elementor-item-anchor\" tabindex=\"-1\"><span data-no-translation><img decoding=\"async\" class=\"trp-flag-image\" src=\"https:\/\/meerhofdk.ee\/wp-content\/plugins\/translatepress-multilingual\/assets\/images\/flags\/et.png\" width=\"18\" height=\"12\" alt=\"et\" title=\"Eesti\"><span class=\"trp-ls-language-name\">ET<\/span><\/span><\/a><\/li>\n\t<li class=\"trp-language-switcher-container menu-item menu-item-type-post_type menu-item-object-language_switcher current-language-menu-item menu-item-1665\"><a href=\"https:\/\/meerhofdk.ee\/fi\/wp-json\/wp\/v2\/pages\/3801\" class=\"elementor-sub-item elementor-item-anchor\" tabindex=\"-1\"><span data-no-translation><img loading=\"lazy\" decoding=\"async\" class=\"trp-flag-image\" src=\"https:\/\/meerhofdk.ee\/wp-content\/plugins\/translatepress-multilingual\/assets\/images\/flags\/ru_RU.png\" width=\"18\" height=\"12\" alt=\"ru_RU\" title=\"\u0420\u0443\u0441\u0441\u043a\u0438\u0439\"><span class=\"trp-ls-language-name\">RU<\/span><\/span><\/a><\/li>\n\t<li class=\"trp-language-switcher-container menu-item menu-item-type-post_type menu-item-object-language_switcher current-language-menu-item menu-item-1667\"><a href=\"https:\/\/meerhofdk.ee\/fi\/wp-json\/wp\/v2\/pages\/3801\" class=\"elementor-sub-item elementor-item-anchor\" tabindex=\"-1\"><span data-no-translation><img loading=\"lazy\" decoding=\"async\" class=\"trp-flag-image\" src=\"https:\/\/meerhofdk.ee\/wp-content\/plugins\/translatepress-multilingual\/assets\/images\/flags\/en_US.png\" width=\"18\" height=\"12\" alt=\"en_US\" title=\"English\"><span class=\"trp-ls-language-name\">EN<\/span><\/span><\/a><\/li>\n<\/ul>\n<\/li>\n<\/ul>\t\t\t<\/nav>\n\t\t\t\t\t\t<\/div>\n\t\t\t\t<\/div>\n\t\t\t\t\t<\/div>\n\t\t<\/div>\n\t\t\t\t\t<\/div>\n\t\t<\/section>\n\t\t\t\t<section class=\"elementor-section elementor-top-section elementor-element elementor-element-6d6fdb5b elementor-section-boxed elementor-section-height-default elementor-section-height-default\" data-id=\"6d6fdb5b\" data-element_type=\"section\" data-e-type=\"section\" data-settings=\"{&quot;_ha_eqh_enable&quot;:false}\">\n\t\t\t\t\t\t<div class=\"elementor-container elementor-column-gap-default\">\n\t\t\t\t\t<div class=\"elementor-column elementor-col-66 elementor-top-column elementor-element elementor-element-d87bada\" data-id=\"d87bada\" data-element_type=\"column\" data-e-type=\"column\">\n\t\t\t<div class=\"elementor-widget-wrap elementor-element-populated\">\n\t\t\t\t\t\t<div class=\"elementor-element elementor-element-5a7f1867 elementor-widget elementor-widget-heading\" data-id=\"5a7f1867\" data-element_type=\"widget\" data-e-type=\"widget\" data-widget_type=\"heading.default\">\n\t\t\t\t<div class=\"elementor-widget-container\">\n\t\t\t\t\t<h1 class=\"elementor-heading-title elementor-size-default\">Muistilappu potilaalle endodontisen hoidon j\u00e4lkeen\n<\/h1>\t\t\t\t<\/div>\n\t\t\t\t<\/div>\n\t\t\t\t<div class=\"elementor-element elementor-element-272c5823 elementor-widget elementor-widget-text-editor\" data-id=\"272c5823\" data-element_type=\"widget\" data-e-type=\"widget\" data-widget_type=\"text-editor.default\">\n\t\t\t\t<div class=\"elementor-widget-container\">\n\t\t\t\t\t\t\t\t\t<p>Juurikanavan hoito on vakava hammashoito, jonka avulla voit s\u00e4\u00e4st\u00e4\u00e4 oman hampaan. Se k\u00e4sitt\u00e4\u00e4 tartunnan saaneiden kudosten poistamisen kanavasta, mekaanisella, l\u00e4\u00e4ketieteellisella, ultra\u00e4\u00e4nihoidon ja kanavien (kanavien) k\u00e4sittely l\u00e4\u00e4ketieteellisell\u00e4 (v\u00e4liaikaisella) tai pysyv\u00e4ll\u00e4 materiaalilla. Hoidon mukavuuden lis\u00e4\u00e4miseksi pyyd\u00e4mme noudattamaan seuraavia suosituksia:<\/p><ul><li>Paikatut hampaat on puhdistettava hammasharjalla ja hammastahnalla, kuten luonnolliset hampaatkin - kahdesti p\u00e4iv\u00e4ss\u00e4. Sy\u00f6misen j\u00e4lkeen huuhtele suu ruuan j\u00e4\u00e4mien poistamiseksi. Puhdista hampaiden v\u00e4lit k\u00e4ytt\u00e4m\u00e4ll\u00e4 hammaspuhdistinta tai hammaslankaa.<\/li><li>Jos hampiden harjaamisen aikana tulee verenvuotoa, hygieniatoimenpiteit\u00e4 ei tule lopettaa. Jos verenvuoto ei lopu 3-4 vuorokaudessa, ota yhteys l\u00e4\u00e4k\u00e4riin.<\/li><li>Jos paikattu hammas paikallispuudutuksen lopettamisen j\u00e4lkeen h\u00e4iritsee hampaiden yhteen sulkemista, on otettava yhteys l\u00e4\u00e4k\u00e4riin.<\/li><li>Paikkausprosessissa k\u00e4ytet\u00e4\u00e4n useimmiten paikallispuudutusta, joka kest\u00e4\u00e4 useita tunteja. Kielt\u00e4ydy anestesian aikana sy\u00f6m\u00e4st\u00e4 kuumaa ruokaa, suojautuaksesi mahdollisilta palovammoilta tai vammoilta.<\/li><li>Paikallisen anestesian lopettamisen j\u00e4lkeen voi esiinty\u00e4 s\u00e4rkyv\u00e4\u00e4 kipua ja (tai) kipua purettaessa hammasta. T\u00e4m\u00e4 johtuu kehon luonnollisesta biologisesta vasteesta interventioon ja l\u00e4\u00e4ketieteellisen tai t\u00e4yteaineen saatavuudesta hampaan kanavassa (kanavissa), ja se riippuu my\u00f6s tulehduksen asteesta, joka esiintyy verenkierron aikana juuria ymp\u00e4r\u00f6iviss\u00e4 kudoksissa. N\u00e4m\u00e4 tunteet voivat jatkua useita p\u00e4ivi\u00e4. Suositellaan t\u00e4lle ajanjaksolle:<ul><li>rajoita k\u00e4sitellyn hampaan pureskelukuormitusta;<\/li><li>tarvittaessa voit ottaa l\u00e4\u00e4k\u00e4rin suosittelemia kipul\u00e4\u00e4kkeit\u00e4;<\/li><li>Jos kipu lis\u00e4\u00e4ntyy, ilmenee turvotus, nousee kuume, ota heti yhteytt\u00e4 l\u00e4\u00e4k\u00e4riisi.<\/li><\/ul><\/li><li>Kun sinulle on asennettu komposiittimateriaalista tehty hammaspaikka, \u00e4l\u00e4 sy\u00f6 kahden ensimm\u00e4isen p\u00e4iv\u00e4n ajan hampaiden t\u00e4ytt\u00e4misen j\u00e4lkeen luonnollisia ja keinotekoisia v\u00e4rej\u00e4 sis\u00e4lt\u00e4vi\u00e4 ruokia (esimerkiksi mustikoita, teet\u00e4, kahvia jne.).<\/li><li>T\u00e4ytteiden ja t\u00e4ytteen l\u00e4hell\u00e4 olevien kovien hammaskudosten halkeamisen v\u00e4ltt\u00e4miseksi ei ole suositeltavaa sy\u00f6d\u00e4 ja pureskella eritt\u00e4in kovia ruokia (esimerkiksi p\u00e4hkin\u00f6it\u00e4, keksej\u00e4), ja purra suuria paloja (esimerkiksi kokonaisista omenoista).<\/li><li>Endodontisen hoidon j\u00e4lkeen hammas voidaan peitt\u00e4\u00e4 v\u00e4liaikaisella paikkauksella. Suosittelemme, ett\u00e4 et sy\u00f6 ensimm\u00e4isten 2 tunnin aikana hoidon j\u00e4lkeen, kunnes t\u00e4yte on t\u00e4ysin kovettunut, samalla on v\u00e4hennett\u00e4v\u00e4 k\u00e4sitellyn hampaan pureskelukuormaa koko hoidon aikana.\nV\u00e4liaikainen paikkaus voi murentua hiukan pureskeltaessa ja suussa voi olla ep\u00e4tavallinen maku. Jos v\u00e4liaikainen paikkaus on l\u00e4htenyt irti, on tarpeen sulkea ontelo vanupallolla ja ottaa heti yhteytt\u00e4 l\u00e4\u00e4k\u00e4riisi tartuntojen est\u00e4miseksi juurikanavassa.<\/li><\/ul><p>\u00a0<\/p><p>Muistutamme, ett\u00e4 2 vuoden takuuaika on voimassa vain, jos suoritetaan hampaiden ensimm\u00e4inen endoterapia eik\u00e4 ole luukudoksen \u00e4rsytyksen fokuksia, ja kun k\u00e4yt hammasklinikalla v\u00e4hint\u00e4\u00e4n kerran 6 kuukaudessa yleisl\u00e4\u00e4k\u00e4rin suorittamaa rutiinitarkastusmenettely\u00e4 varten ja pakollisten toimenpiteiden aikana, joiden tarkoituksena on yll\u00e4pit\u00e4\u00e4 suuhygienia.<\/p>\t\t\t\t\t\t\t\t<\/div>\n\t\t\t\t<\/div>\n\t\t\t\t\t<\/div>\n\t\t<\/div>\n\t\t\t\t<div class=\"elementor-column elementor-col-33 elementor-top-column elementor-element elementor-element-10edf73b\" data-id=\"10edf73b\" data-element_type=\"column\" data-e-type=\"column\">\n\t\t\t<div class=\"elementor-widget-wrap elementor-element-populated\">\n\t\t\t\t\t\t<div class=\"elementor-element elementor-element-27e3544 elementor-nav-menu--dropdown-none elementor-widget elementor-widget-nav-menu\" data-id=\"27e3544\" data-element_type=\"widget\" data-e-type=\"widget\" data-settings=\"{&quot;layout&quot;:&quot;vertical&quot;,&quot;submenu_icon&quot;:{&quot;value&quot;:&quot;&lt;svg aria-hidden=\\&quot;true\\&quot; class=\\&quot;e-font-icon-svg e-fas-caret-down\\&quot; viewBox=\\&quot;0 0 320 512\\&quot; xmlns=\\&quot;http:\\\/\\\/www.w3.org\\\/2000\\\/svg\\&quot;&gt;&lt;path d=\\&quot;M31.3 192h257.3c17.8 0 26.7 21.5 14.1 34.1L174.1 354.8c-7.8 7.8-20.5 7.8-28.3 0L17.2 226.1C4.6 213.5 13.5 192 31.3 192z\\&quot;&gt;&lt;\\\/path&gt;&lt;\\\/svg&gt;&quot;,&quot;library&quot;:&quot;fa-solid&quot;}}\" data-widget_type=\"nav-menu.default\">\n\t\t\t\t<div class=\"elementor-widget-container\">\n\t\t\t\t\t\t\t\t<nav aria-label=\"Menu\" class=\"elementor-nav-menu--main elementor-nav-menu__container elementor-nav-menu--layout-vertical e--pointer-background e--animation-sweep-down\">\n\t\t\t\t<ul id=\"menu-1-27e3544\" class=\"elementor-nav-menu sm-vertical\"><li class=\"menu-item menu-item-type-post_type menu-item-object-page menu-item-3841\"><a href=\"https:\/\/meerhofdk.ee\/fi\/patsiendi-meelespea-parast-kaariese-ravi\/\" class=\"elementor-item\">Memo to patients after caries treatment<\/a><\/li>\n<li class=\"menu-item menu-item-type-post_type menu-item-object-page menu-item-3842\"><a href=\"https:\/\/meerhofdk.ee\/fi\/fikseeritud-proteesi-kasutava-patsiendi-meelespea\/\" class=\"elementor-item\">Fixed dental prostheses memo<\/a><\/li>\n<li class=\"menu-item menu-item-type-post_type menu-item-object-page menu-item-3843\"><a href=\"https:\/\/meerhofdk.ee\/fi\/patsiendi-meelespea-parast-poskkoopapohja-tostmise-operatsiooni\/\" class=\"elementor-item\">Sinus lift surgery memo<\/a><\/li>\n<li class=\"menu-item menu-item-type-post_type menu-item-object-page menu-item-3844\"><a href=\"https:\/\/meerhofdk.ee\/fi\/patsiendi-meelespea-parast-hammaste-tootlemist-ortopeediliste-konstruktsioonide-jaoks\/\" class=\"elementor-item\">Orthopedic dental treatment memo<\/a><\/li>\n<li class=\"menu-item menu-item-type-post_type menu-item-object-page menu-item-3845\"><a href=\"https:\/\/meerhofdk.ee\/fi\/patsiendi-meelespea-parast-igemete-kuretaazi\/\" class=\"elementor-item\">Gum curettage memo<\/a><\/li>\n<li class=\"menu-item menu-item-type-post_type menu-item-object-page menu-item-3846\"><a href=\"https:\/\/meerhofdk.ee\/fi\/patsiendi-meelespea-parast-hammaste-valgendamist\/\" class=\"elementor-item\">Teeth whitening memo<\/a><\/li>\n<li class=\"menu-item menu-item-type-post_type menu-item-object-page menu-item-3847\"><a href=\"https:\/\/meerhofdk.ee\/fi\/meelespea-juureravi-saanud-patsientidele\/\" class=\"elementor-item\">Muistilappu potilaalle endodontisen hoidon j\u00e4lkeen<\/a><\/li>\n<li class=\"menu-item menu-item-type-post_type menu-item-object-page menu-item-3848\"><a href=\"https:\/\/meerhofdk.ee\/fi\/patsiendi-meelespea-parast-hamba-eemaldamist\/\" class=\"elementor-item\">Muistutuksia potilaalle hampaan poiston j\u00e4lkeen<\/a><\/li>\n<li class=\"menu-item menu-item-type-post_type menu-item-object-page menu-item-3849\"><a href=\"https:\/\/meerhofdk.ee\/fi\/hugieeni-memo\/\" class=\"elementor-item\">Dentist&#8217;s advice following the professional oral hygiene<\/a><\/li>\n<li class=\"menu-item menu-item-type-post_type menu-item-object-page menu-item-3850\"><a href=\"https:\/\/meerhofdk.ee\/fi\/kirurgia-memo\/\" class=\"elementor-item\">Leikkausmuistio<\/a><\/li>\n<\/ul>\t\t\t<\/nav>\n\t\t\t\t\t\t<nav class=\"elementor-nav-menu--dropdown elementor-nav-menu__container\" aria-hidden=\"true\">\n\t\t\t\t<ul id=\"menu-2-27e3544\" class=\"elementor-nav-menu sm-vertical\"><li class=\"menu-item menu-item-type-post_type menu-item-object-page menu-item-3841\"><a href=\"https:\/\/meerhofdk.ee\/fi\/patsiendi-meelespea-parast-kaariese-ravi\/\" class=\"elementor-item\" tabindex=\"-1\">Memo to patients after caries treatment<\/a><\/li>\n<li class=\"menu-item menu-item-type-post_type menu-item-object-page menu-item-3842\"><a href=\"https:\/\/meerhofdk.ee\/fi\/fikseeritud-proteesi-kasutava-patsiendi-meelespea\/\" class=\"elementor-item\" tabindex=\"-1\">Fixed dental prostheses memo<\/a><\/li>\n<li class=\"menu-item menu-item-type-post_type menu-item-object-page menu-item-3843\"><a href=\"https:\/\/meerhofdk.ee\/fi\/patsiendi-meelespea-parast-poskkoopapohja-tostmise-operatsiooni\/\" class=\"elementor-item\" tabindex=\"-1\">Sinus lift surgery memo<\/a><\/li>\n<li class=\"menu-item menu-item-type-post_type menu-item-object-page menu-item-3844\"><a href=\"https:\/\/meerhofdk.ee\/fi\/patsiendi-meelespea-parast-hammaste-tootlemist-ortopeediliste-konstruktsioonide-jaoks\/\" class=\"elementor-item\" tabindex=\"-1\">Orthopedic dental treatment memo<\/a><\/li>\n<li class=\"menu-item menu-item-type-post_type menu-item-object-page menu-item-3845\"><a href=\"https:\/\/meerhofdk.ee\/fi\/patsiendi-meelespea-parast-igemete-kuretaazi\/\" class=\"elementor-item\" tabindex=\"-1\">Gum curettage memo<\/a><\/li>\n<li class=\"menu-item menu-item-type-post_type menu-item-object-page menu-item-3846\"><a href=\"https:\/\/meerhofdk.ee\/fi\/patsiendi-meelespea-parast-hammaste-valgendamist\/\" class=\"elementor-item\" tabindex=\"-1\">Teeth whitening memo<\/a><\/li>\n<li class=\"menu-item menu-item-type-post_type menu-item-object-page menu-item-3847\"><a href=\"https:\/\/meerhofdk.ee\/fi\/meelespea-juureravi-saanud-patsientidele\/\" class=\"elementor-item\" tabindex=\"-1\">Muistilappu potilaalle endodontisen hoidon j\u00e4lkeen<\/a><\/li>\n<li class=\"menu-item menu-item-type-post_type menu-item-object-page menu-item-3848\"><a href=\"https:\/\/meerhofdk.ee\/fi\/patsiendi-meelespea-parast-hamba-eemaldamist\/\" class=\"elementor-item\" tabindex=\"-1\">Muistutuksia potilaalle hampaan poiston j\u00e4lkeen<\/a><\/li>\n<li class=\"menu-item menu-item-type-post_type menu-item-object-page menu-item-3849\"><a href=\"https:\/\/meerhofdk.ee\/fi\/hugieeni-memo\/\" class=\"elementor-item\" tabindex=\"-1\">Dentist&#8217;s advice following the professional oral hygiene<\/a><\/li>\n<li class=\"menu-item menu-item-type-post_type menu-item-object-page menu-item-3850\"><a href=\"https:\/\/meerhofdk.ee\/fi\/kirurgia-memo\/\" class=\"elementor-item\" tabindex=\"-1\">Leikkausmuistio<\/a><\/li>\n<\/ul>\t\t\t<\/nav>\n\t\t\t\t\t\t<\/div>\n\t\t\t\t<\/div>\n\t\t\t\t\t<\/div>\n\t\t<\/div>\n\t\t\t\t\t<\/div>\n\t\t<\/section>\n\t\t\t\t<\/div>","protected":false},"excerpt":{"rendered":"<p>Patient Instructions after Completed Endodontic Treatment Root canal treatment is a serious dental intervention allowing to save a tooth. It involves the removal of infected tissues from a canal, mechanical, medical, ultrasonic root canal debridement and filling with a therapeutic (temporary) or permanent material. To ensure the more comfortable treatment, please adhere to the following [&hellip;]<\/p>\n","protected":false},"author":1,"featured_media":0,"parent":0,"menu_order":0,"comment_status":"closed","ping_status":"closed","template":"elementor_header_footer","meta":{"footnotes":""},"class_list":["post-3801","page","type-page","status-publish","hentry"],"_links":{"self":[{"href":"https:\/\/meerhofdk.ee\/fi\/wp-json\/wp\/v2\/pages\/3801","targetHints":{"allow":["GET"]}}],"collection":[{"href":"https:\/\/meerhofdk.ee\/fi\/wp-json\/wp\/v2\/pages"}],"about":[{"href":"https:\/\/meerhofdk.ee\/fi\/wp-json\/wp\/v2\/types\/page"}],"author":[{"embeddable":true,"href":"https:\/\/meerhofdk.ee\/fi\/wp-json\/wp\/v2\/users\/1"}],"replies":[{"embeddable":true,"href":"https:\/\/meerhofdk.ee\/fi\/wp-json\/wp\/v2\/comments?post=3801"}],"version-history":[{"count":6,"href":"https:\/\/meerhofdk.ee\/fi\/wp-json\/wp\/v2\/pages\/3801\/revisions"}],"predecessor-version":[{"id":5035,"href":"https:\/\/meerhofdk.ee\/fi\/wp-json\/wp\/v2\/pages\/3801\/revisions\/5035"}],"wp:attachment":[{"href":"https:\/\/meerhofdk.ee\/fi\/wp-json\/wp\/v2\/media?parent=3801"}],"curies":[{"name":"wp","href":"https:\/\/api.w.org\/{rel}","templated":true}]}}